{"id":1104,"date":"2024-06-17T09:27:14","date_gmt":"2024-06-17T09:27:14","guid":{"rendered":"https:\/\/ladyfuxia.com\/?page_id=1104"},"modified":"2024-06-17T09:27:16","modified_gmt":"2024-06-17T09:27:16","slug":"presuyo","status":"publish","type":"page","link":"https:\/\/ladyfuxia.com\/index.php\/presuyo\/","title":{"rendered":"presuyo"},"content":{"rendered":"<div class=\"wpforms-container wpforms-container-full wpforms-block wpforms-block-91812ec6-e34a-425f-b14a-c06b551652c0\" id=\"wpforms-991\"><form id=\"wpforms-form-991\" class=\"wpforms-validate wpforms-form wpforms-ajax-form\" data-formid=\"991\" method=\"post\" enctype=\"multipart\/form-data\" action=\"\/index.php\/wp-json\/wp\/v2\/pages\/1104\" data-token=\"81cd784deaefccb1e5345a2057ae7f01\" data-token-time=\"1776334188\"><noscript class=\"wpforms-error-noscript\">Por favor, activa JavaScript en tu navegador para completar este formulario.<\/noscript><div class=\"wpforms-field-container\"><div id=\"wpforms-991-field_3-container\" class=\"wpforms-field wpforms-field-radio wpforms-list-inline\" data-field-id=\"3\"><label class=\"wpforms-field-label\" for=\"wpforms-991-field_3\">Elige: <span class=\"wpforms-required-label\">*<\/span><\/label><ul id=\"wpforms-991-field_3\" class=\"wpforms-field-required wpforms-image-choices wpforms-image-choices-modern\"><li class=\"choice-73 depth-1 wpforms-image-choices-item\"><label class=\"wpforms-field-label-inline\" for=\"wpforms-991-field_3_73\" tabindex=\"0\"><span class=\"wpforms-image-choices-image\"><img decoding=\"async\" src=\"https:\/\/i0.wp.com\/ladyfuxia.com\/wp-content\/uploads\/2026\/04\/tri-1.png?w=960\" alt=\"TRILOG\u00cdA (56\u20ac)\" title=\"TRILOG\u00cdA (56\u20ac)\" data-recalc-dims=\"1\"><\/span><input type=\"radio\" id=\"wpforms-991-field_3_73\" class=\"wpforms-screen-reader-element\" name=\"wpforms[fields][3]\" value=\"TRILOG\u00cdA (56\u20ac)\" tabindex=\"-1\" required ><span class=\"wpforms-image-choices-label\">TRILOG\u00cdA (56\u20ac)<\/span><\/label><\/li><li class=\"choice-74 depth-1 wpforms-image-choices-item\"><label class=\"wpforms-field-label-inline\" for=\"wpforms-991-field_3_74\" tabindex=\"0\"><span class=\"wpforms-image-choices-image\"><img decoding=\"async\" src=\"https:\/\/i0.wp.com\/ladyfuxia.com\/wp-content\/uploads\/2026\/04\/Prev11.png?w=960\" alt=\"PREVENTA MR.GOLD (19,95\u20ac)\" title=\"PREVENTA MR.GOLD (19,95\u20ac)\" data-recalc-dims=\"1\"><\/span><input type=\"radio\" id=\"wpforms-991-field_3_74\" class=\"wpforms-screen-reader-element\" name=\"wpforms[fields][3]\" value=\"PREVENTA MR.GOLD (19,95\u20ac)\" tabindex=\"-1\" required ><span class=\"wpforms-image-choices-label\">PREVENTA MR.GOLD (19,95\u20ac)<\/span><\/label><\/li><li class=\"choice-75 depth-1 wpforms-image-choices-item\"><label class=\"wpforms-field-label-inline\" for=\"wpforms-991-field_3_75\" tabindex=\"0\"><span class=\"wpforms-image-choices-image\"><img decoding=\"async\" src=\"https:\/\/i0.wp.com\/ladyfuxia.com\/wp-content\/uploads\/2026\/04\/2g-1.png?w=960\" alt=\"PREVENTA MR.GOLD (36\u20ac)\" title=\"PREVENTA MR.GOLD (36\u20ac)\" data-recalc-dims=\"1\"><\/span><input type=\"radio\" id=\"wpforms-991-field_3_75\" class=\"wpforms-screen-reader-element\" name=\"wpforms[fields][3]\" value=\"PREVENTA MR.GOLD (36\u20ac)\" tabindex=\"-1\" required ><span class=\"wpforms-image-choices-label\">PREVENTA MR.GOLD (36\u20ac)<\/span><\/label><\/li><li class=\"choice-72 depth-1 wpforms-image-choices-item\"><label class=\"wpforms-field-label-inline\" for=\"wpforms-991-field_3_72\" tabindex=\"0\"><span class=\"wpforms-image-choices-image\"><img decoding=\"async\" src=\"https:\/\/i0.wp.com\/ladyfuxia.com\/wp-content\/uploads\/2026\/04\/3g-1.png?w=960\" alt=\"PREVENTA MR. GOLD (54\u20ac)\" title=\"PREVENTA MR. GOLD (54\u20ac)\" data-recalc-dims=\"1\"><\/span><input type=\"radio\" id=\"wpforms-991-field_3_72\" class=\"wpforms-screen-reader-element\" name=\"wpforms[fields][3]\" value=\"PREVENTA MR. GOLD (54\u20ac)\" tabindex=\"-1\" required ><span class=\"wpforms-image-choices-label\">PREVENTA MR. GOLD (54\u20ac)<\/span><\/label><\/li><li class=\"choice-71 depth-1 wpforms-image-choices-item\"><label class=\"wpforms-field-label-inline\" for=\"wpforms-991-field_3_71\" tabindex=\"0\"><span class=\"wpforms-image-choices-image\"><img decoding=\"async\" src=\"https:\/\/i0.wp.com\/ladyfuxia.com\/wp-content\/uploads\/2026\/04\/BLA.png?w=960\" alt=\"MALDITO MR. BLACK (19,95\u20ac)\" title=\"MALDITO MR. BLACK (19,95\u20ac)\" data-recalc-dims=\"1\"><\/span><input type=\"radio\" id=\"wpforms-991-field_3_71\" class=\"wpforms-screen-reader-element\" name=\"wpforms[fields][3]\" value=\"MALDITO MR. BLACK (19,95\u20ac)\" tabindex=\"-1\" required ><span class=\"wpforms-image-choices-label\">MALDITO MR. BLACK (19,95\u20ac)<\/span><\/label><\/li><li class=\"choice-76 depth-1 wpforms-image-choices-item\"><label class=\"wpforms-field-label-inline\" for=\"wpforms-991-field_3_76\" tabindex=\"0\"><span class=\"wpforms-image-choices-image\"><img decoding=\"async\" src=\"https:\/\/i0.wp.com\/ladyfuxia.com\/wp-content\/uploads\/2026\/04\/BG.png?w=960\" alt=\"PREVENTA BLACK+GOLD (36\u20ac)\" title=\"PREVENTA BLACK+GOLD (36\u20ac)\" data-recalc-dims=\"1\"><\/span><input type=\"radio\" id=\"wpforms-991-field_3_76\" class=\"wpforms-screen-reader-element\" name=\"wpforms[fields][3]\" value=\"PREVENTA BLACK+GOLD (36\u20ac)\" tabindex=\"-1\" required ><span class=\"wpforms-image-choices-label\">PREVENTA BLACK+GOLD (36\u20ac)<\/span><\/label><\/li><li class=\"choice-79 depth-1 wpforms-image-choices-item\"><label class=\"wpforms-field-label-inline\" for=\"wpforms-991-field_3_79\" tabindex=\"0\"><span class=\"wpforms-image-choices-image\"><img decoding=\"async\" src=\"https:\/\/i0.wp.com\/ladyfuxia.com\/wp-content\/uploads\/2026\/04\/WHG.png?w=960\" alt=\"PREVENTA WHITE+GOLD (38\u20ac)\" title=\"PREVENTA WHITE+GOLD (38\u20ac)\" data-recalc-dims=\"1\"><\/span><input type=\"radio\" id=\"wpforms-991-field_3_79\" class=\"wpforms-screen-reader-element\" name=\"wpforms[fields][3]\" value=\"PREVENTA WHITE+GOLD (38\u20ac)\" tabindex=\"-1\" required ><span class=\"wpforms-image-choices-label\">PREVENTA WHITE+GOLD (38\u20ac)<\/span><\/label><\/li><li class=\"choice-77 depth-1 wpforms-image-choices-item\"><label class=\"wpforms-field-label-inline\" for=\"wpforms-991-field_3_77\" tabindex=\"0\"><span class=\"wpforms-image-choices-image\"><img decoding=\"async\" src=\"https:\/\/i0.wp.com\/ladyfuxia.com\/wp-content\/uploads\/2026\/04\/CM2.png?w=960\" alt=\"CUPIDO + MURPHY\" title=\"CUPIDO + MURPHY\" data-recalc-dims=\"1\"><\/span><input type=\"radio\" id=\"wpforms-991-field_3_77\" class=\"wpforms-screen-reader-element\" name=\"wpforms[fields][3]\" value=\"CUPIDO + MURPHY\" tabindex=\"-1\" required ><span class=\"wpforms-image-choices-label\">CUPIDO + MURPHY<\/span><\/label><\/li><li class=\"choice-78 depth-1 wpforms-image-choices-item\"><label class=\"wpforms-field-label-inline\" for=\"wpforms-991-field_3_78\" tabindex=\"0\"><span class=\"wpforms-image-choices-image\"><img decoding=\"async\" src=\"https:\/\/i0.wp.com\/ladyfuxia.com\/wp-content\/uploads\/2026\/04\/WWWWE.png?w=960\" alt=\"MURPHY\" title=\"MURPHY\" data-recalc-dims=\"1\"><\/span><input type=\"radio\" id=\"wpforms-991-field_3_78\" class=\"wpforms-screen-reader-element\" name=\"wpforms[fields][3]\" value=\"MURPHY\" tabindex=\"-1\" required ><span class=\"wpforms-image-choices-label\">MURPHY<\/span><\/label><\/li><li class=\"choice-62 depth-1 wpforms-image-choices-item\"><label class=\"wpforms-field-label-inline\" for=\"wpforms-991-field_3_62\" tabindex=\"0\"><span class=\"wpforms-image-choices-image\"><img decoding=\"async\" src=\"https:\/\/i0.wp.com\/ladyfuxia.com\/wp-content\/uploads\/2025\/07\/preventanovio1.png?w=960\" alt=\"NOVIO A LA FUGA\" title=\"NOVIO A LA FUGA\" data-recalc-dims=\"1\"><\/span><input type=\"radio\" id=\"wpforms-991-field_3_62\" class=\"wpforms-screen-reader-element\" name=\"wpforms[fields][3]\" value=\"NOVIO A LA FUGA\" tabindex=\"-1\" required ><span class=\"wpforms-image-choices-label\">NOVIO A LA FUGA<\/span><\/label><\/li><li class=\"choice-68 depth-1 wpforms-image-choices-item\"><label class=\"wpforms-field-label-inline\" for=\"wpforms-991-field_3_68\" tabindex=\"0\"><span class=\"wpforms-image-choices-image\"><img decoding=\"async\" src=\"https:\/\/i0.wp.com\/ladyfuxia.com\/wp-content\/uploads\/2025\/11\/3A.png?w=960\" alt=\"CAJA DROGA+MAFIA\" title=\"CAJA DROGA+MAFIA\" data-recalc-dims=\"1\"><\/span><input type=\"radio\" id=\"wpforms-991-field_3_68\" class=\"wpforms-screen-reader-element\" name=\"wpforms[fields][3]\" value=\"CAJA DROGA+MAFIA\" tabindex=\"-1\" required ><span class=\"wpforms-image-choices-label\">CAJA DROGA+MAFIA<\/span><\/label><\/li><li class=\"choice-69 depth-1 wpforms-image-choices-item\"><label class=\"wpforms-field-label-inline wpforms-field-label-inline-empty\" for=\"wpforms-991-field_3_69\" tabindex=\"0\"><span class=\"wpforms-image-choices-image\"><\/span><input type=\"radio\" id=\"wpforms-991-field_3_69\" class=\"wpforms-screen-reader-element\" name=\"wpforms[fields][3]\" value=\"Elecci\u00f3n 69\" tabindex=\"-1\" required ><span class=\"wpforms-image-choices-label\"><\/span><\/label><\/li><\/ul><\/div><div id=\"wpforms-991-field_13-container\" class=\"wpforms-field wpforms-field-radio\" data-field-id=\"13\"><label class=\"wpforms-field-label\" for=\"wpforms-991-field_13\">\u00bfHas hecho alguna vez un pedido y la direcci\u00f3n es la misma? <span class=\"wpforms-required-label\">*<\/span><\/label><ul id=\"wpforms-991-field_13\" class=\"wpforms-field-required\"><li class=\"choice-1 depth-1\"><input type=\"radio\" id=\"wpforms-991-field_13_1\" name=\"wpforms[fields][13]\" value=\"S\u00ed\" required ><label class=\"wpforms-field-label-inline\" for=\"wpforms-991-field_13_1\">S\u00ed<\/label><\/li><li class=\"choice-2 depth-1\"><input type=\"radio\" id=\"wpforms-991-field_13_2\" name=\"wpforms[fields][13]\" value=\"No\" required ><label class=\"wpforms-field-label-inline\" for=\"wpforms-991-field_13_2\">No<\/label><\/li><\/ul><\/div><div id=\"wpforms-991-field_5-container\" class=\"wpforms-field wpforms-field-name\" data-field-id=\"5\"><label class=\"wpforms-field-label\" for=\"wpforms-991-field_5\">Nombre del buz\u00f3n <span class=\"wpforms-required-label\">*<\/span><\/label><div class=\"wpforms-field-row wpforms-field-medium\"><div class=\"wpforms-field-row-block wpforms-first wpforms-one-half\"><input type=\"text\" id=\"wpforms-991-field_5\" class=\"wpforms-field-name-first wpforms-field-required\" name=\"wpforms[fields][5][first]\" required><label for=\"wpforms-991-field_5\" class=\"wpforms-field-sublabel after\">Nombre<\/label><\/div><div class=\"wpforms-field-row-block wpforms-one-half\"><input type=\"text\" id=\"wpforms-991-field_5-last\" class=\"wpforms-field-name-last wpforms-field-required\" name=\"wpforms[fields][5][last]\" required><label for=\"wpforms-991-field_5-last\" class=\"wpforms-field-sublabel after\">Apellidos<\/label><\/div><\/div><\/div><div id=\"wpforms-991-field_4-container\" class=\"wpforms-field wpforms-field-text\" data-field-id=\"4\"><label class=\"wpforms-field-label\" for=\"wpforms-991-field_4\">Calle, n\u00famero, piso&#8230; <span class=\"wpforms-required-label\">*<\/span><\/label><input type=\"text\" id=\"wpforms-991-field_4\" class=\"wpforms-field-medium wpforms-field-required\" name=\"wpforms[fields][4]\" required><\/div><div id=\"wpforms-991-field_7-container\" class=\"wpforms-field wpforms-field-text\" data-field-id=\"7\"><label class=\"wpforms-field-label\" for=\"wpforms-991-field_7\">C\u00f3digo postal <span class=\"wpforms-required-label\">*<\/span><\/label><input type=\"text\" id=\"wpforms-991-field_7\" class=\"wpforms-field-medium wpforms-field-required\" name=\"wpforms[fields][7]\" required><\/div><div id=\"wpforms-991-field_6-container\" class=\"wpforms-field wpforms-field-text\" data-field-id=\"6\"><label class=\"wpforms-field-label\" for=\"wpforms-991-field_6\">Poblaci\u00f3n <span class=\"wpforms-required-label\">*<\/span><\/label><input type=\"text\" id=\"wpforms-991-field_6\" class=\"wpforms-field-medium wpforms-field-required\" name=\"wpforms[fields][6]\" required><\/div><div id=\"wpforms-991-field_1-container\" class=\"wpforms-field wpforms-field-email\" data-field-id=\"1\"><label class=\"wpforms-field-label\" for=\"wpforms-991-field_1\">Correo electr\u00f3nico <span class=\"wpforms-required-label\">*<\/span><\/label><input type=\"email\" id=\"wpforms-991-field_1\" class=\"wpforms-field-medium wpforms-field-required\" name=\"wpforms[fields][1]\" spellcheck=\"false\" required><\/div><div id=\"wpforms-991-field_8-container\" class=\"wpforms-field wpforms-field-text\" data-field-id=\"8\"><label class=\"wpforms-field-label\" for=\"wpforms-991-field_8\">DNI (Solo para Islas Canarias + recordad sumarle 6\u20ac para Env\u00edos a todas las islas)<\/label><input type=\"text\" id=\"wpforms-991-field_8\" class=\"wpforms-field-medium\" name=\"wpforms[fields][8]\" ><\/div><div id=\"wpforms-991-field_2-container\" class=\"wpforms-field wpforms-field-textarea\" data-field-id=\"2\"><label class=\"wpforms-field-label\" for=\"wpforms-991-field_2\">M\u00f3vil (Env\u00edo certificado\/Ausencias) <span class=\"wpforms-required-label\">*<\/span><\/label><textarea id=\"wpforms-991-field_2\" class=\"wpforms-field-medium wpforms-field-required\" name=\"wpforms[fields][2]\" required><\/textarea><\/div><div id=\"wpforms-991-field_9-container\" class=\"wpforms-field wpforms-field-text\" data-field-id=\"9\"><label class=\"wpforms-field-label\" for=\"wpforms-991-field_9\">Comentarios Especiales del pedido<\/label><input type=\"text\" id=\"wpforms-991-field_9\" class=\"wpforms-field-medium\" name=\"wpforms[fields][9]\" ><div class=\"wpforms-field-description\">Si tienes alg\u00fan mensaje para m\u00ed, duda o sugerencia escr\u00edbeme aqu\u00ed. Debido al elevado n\u00famero de pedidos, el libro ir\u00e1 dedicado, pero sin nombres propios. Gracias<\/div><\/div><div id=\"wpforms-991-field_10-container\" class=\"wpforms-field wpforms-field-radio\" data-field-id=\"10\"><label class=\"wpforms-field-label\" for=\"wpforms-991-field_10\">M\u00e9todos de pago <span class=\"wpforms-required-label\">*<\/span><\/label><ul id=\"wpforms-991-field_10\" class=\"wpforms-field-required\"><li class=\"choice-3 depth-1\"><input type=\"radio\" id=\"wpforms-991-field_10_3\" name=\"wpforms[fields][10]\" value=\"Transferencia (ES35 2100 4667 0702 0026 2053) *Ya no se admIten BIZUMS.\" required ><label class=\"wpforms-field-label-inline\" for=\"wpforms-991-field_10_3\">Transferencia (ES35 2100 4667 0702 0026 2053) *Ya no se admIten BIZUMS.<\/label><\/li><\/ul><div class=\"wpforms-field-description\">*Por favor, pon EL MISMO NOMBRE que has puesto en este formulario en el concepto de pago. Si tienes dudas sobre el precio a pagar, puedes preguntarme por redes sociales o ponerlo en comentarios. El env\u00edo est\u00e1 incluido, excepto si vives en islas que es (+6\u20ac)\r\nGracias!\r\n<\/div><\/div><\/div><!-- .wpforms-field-container --><div class=\"wpforms-submit-container\" ><input type=\"hidden\" name=\"wpforms[id]\" value=\"991\"><input type=\"hidden\" name=\"page_title\" value=\"\"><input type=\"hidden\" name=\"page_url\" value=\"https:\/\/ladyfuxia.com\/index.php\/wp-json\/wp\/v2\/pages\/1104\"><button type=\"submit\" name=\"wpforms[submit]\" id=\"wpforms-submit-991\" class=\"wpforms-submit\" data-alt-text=\"Enviando...\" data-submit-text=\"Enviar\" aria-live=\"assertive\" value=\"wpforms-submit\">Enviar<\/button><img loading=\"lazy\" decoding=\"async\" src=\"https:\/\/ladyfuxia.com\/wp-content\/plugins\/wpforms\/assets\/images\/submit-spin.svg\" class=\"wpforms-submit-spinner\" style=\"display: none;\" width=\"26\" height=\"26\" alt=\"Cargando\"><\/div><\/form><\/div>  <!-- .wpforms-container --> ","protected":false},"excerpt":{"rendered":"","protected":false},"author":1,"featured_media":0,"parent":0,"menu_order":0,"comment_status":"closed","ping_status":"closed","template":"","meta":{"footnotes":""},"jetpack_sharing_enabled":true,"jetpack-related-posts":[],"_links":{"self":[{"href":"https:\/\/ladyfuxia.com\/index.php\/wp-json\/wp\/v2\/pages\/1104"}],"collection":[{"href":"https:\/\/ladyfuxia.com\/index.php\/wp-json\/wp\/v2\/pages"}],"about":[{"href":"https:\/\/ladyfuxia.com\/index.php\/wp-json\/wp\/v2\/types\/page"}],"author":[{"embeddable":true,"href":"https:\/\/ladyfuxia.com\/index.php\/wp-json\/wp\/v2\/users\/1"}],"replies":[{"embeddable":true,"href":"https:\/\/ladyfuxia.com\/index.php\/wp-json\/wp\/v2\/comments?post=1104"}],"version-history":[{"count":1,"href":"https:\/\/ladyfuxia.com\/index.php\/wp-json\/wp\/v2\/pages\/1104\/revisions"}],"predecessor-version":[{"id":1105,"href":"https:\/\/ladyfuxia.com\/index.php\/wp-json\/wp\/v2\/pages\/1104\/revisions\/1105"}],"wp:attachment":[{"href":"https:\/\/ladyfuxia.com\/index.php\/wp-json\/wp\/v2\/media?parent=1104"}],"curies":[{"name":"wp","href":"https:\/\/api.w.org\/{rel}","templated":true}]}}