{"id":20,"date":"2021-01-16T16:45:09","date_gmt":"2021-01-16T16:45:09","guid":{"rendered":"http:\/\/ladyfuxia.com\/?page_id=20"},"modified":"2021-12-10T09:21:35","modified_gmt":"2021-12-10T09:21:35","slug":"contacto","status":"publish","type":"page","link":"https:\/\/ladyfuxia.com\/index.php\/contacto\/","title":{"rendered":"CONTACTO"},"content":{"rendered":"\n<p><\/p>\n\n\n\n<div class=\"wp-block-image\"><figure class=\"alignleft size-large is-resized\"><a href=\"https:\/\/www.instagram.com\/lady_fuxia\/\" target=\"_blank\" rel=\"noopener\"><img loading=\"lazy\" decoding=\"async\" src=\"https:\/\/i0.wp.com\/ladyfuxia.com\/wp-content\/uploads\/2021\/12\/annypETERSON.png?resize=106%2C106\" alt=\"\" class=\"wp-image-499\" width=\"106\" height=\"106\" srcset=\"https:\/\/i0.wp.com\/ladyfuxia.com\/wp-content\/uploads\/2021\/12\/annypETERSON.png?resize=1024%2C1024&amp;ssl=1 1024w, https:\/\/i0.wp.com\/ladyfuxia.com\/wp-content\/uploads\/2021\/12\/annypETERSON.png?resize=300%2C300&amp;ssl=1 300w, https:\/\/i0.wp.com\/ladyfuxia.com\/wp-content\/uploads\/2021\/12\/annypETERSON.png?resize=150%2C150&amp;ssl=1 150w, https:\/\/i0.wp.com\/ladyfuxia.com\/wp-content\/uploads\/2021\/12\/annypETERSON.png?resize=768%2C768&amp;ssl=1 768w, https:\/\/i0.wp.com\/ladyfuxia.com\/wp-content\/uploads\/2021\/12\/annypETERSON.png?resize=1536%2C1536&amp;ssl=1 1536w, https:\/\/i0.wp.com\/ladyfuxia.com\/wp-content\/uploads\/2021\/12\/annypETERSON.png?resize=2048%2C2048&amp;ssl=1 2048w, https:\/\/i0.wp.com\/ladyfuxia.com\/wp-content\/uploads\/2021\/12\/annypETERSON.png?resize=1140%2C1140&amp;ssl=1 1140w, https:\/\/i0.wp.com\/ladyfuxia.com\/wp-content\/uploads\/2021\/12\/annypETERSON.png?resize=75%2C75&amp;ssl=1 75w, https:\/\/i0.wp.com\/ladyfuxia.com\/wp-content\/uploads\/2021\/12\/annypETERSON.png?resize=600%2C600&amp;ssl=1 600w, https:\/\/i0.wp.com\/ladyfuxia.com\/wp-content\/uploads\/2021\/12\/annypETERSON.png?resize=100%2C100&amp;ssl=1 100w, https:\/\/i0.wp.com\/ladyfuxia.com\/wp-content\/uploads\/2021\/12\/annypETERSON.png?w=1920 1920w\" sizes=\"(max-width: 106px) 100vw, 106px\" data-recalc-dims=\"1\" \/><\/a><\/figure><\/div>\n\n\n\n<p><meta charset=\"utf-8\"><\/p>\n\n\n\n<p>\u00a1Muy buenas!<\/p>\n\n\n\n<p>Si quieres ponerte en contacto conmigo, escr\u00edbeme un email a: <strong><span style=\"color:#e052b6\" class=\"has-inline-color\">info@ladyfuxia.com<\/span><\/strong><\/p>\n ","protected":false},"excerpt":{"rendered":"<p>\u00a1Muy buenas! Si quieres ponerte en contacto conmigo, escr\u00edbeme un email a: info@ladyfuxia.com<\/p>\n","protected":false},"author":1,"featured_media":0,"parent":0,"menu_order":0,"comment_status":"closed","ping_status":"closed","template":"","meta":{"footnotes":""},"jetpack_sharing_enabled":true,"jetpack-related-posts":[{"id":370,"url":"https:\/\/ladyfuxia.com\/index.php\/loca-sexi-mentirosa\/","url_meta":{"origin":20,"position":0},"title":"Loca, Sexi &#038; Mentirosa","author":"Anny Peterson","date":"24 de septiembre de 2021","format":false,"excerpt":"Loca, Sexi y Mentirosa Leer aqu\u00ed en digital: https:\/\/www.azonlinks.com\/B09H2VHPHR SINOPSIS: Con lo que me gusta a m\u00ed un millonario atormentado, gru\u00f1\u00f3n y elegante\u2026 \u00a1me ten\u00eda que tocar trabajar para uno vacil\u00f3n, loco y demasiado sexi\u2026!, es decir, lo que yo llamo, un \"millonetis\".Quien dijo que afortunado en el juego, desafortunado\u2026","rel":"","context":"Entrada similar","block_context":{"text":"Entrada similar","link":""},"img":{"alt_text":"","src":"https:\/\/i0.wp.com\/ladyfuxia.com\/wp-content\/uploads\/2021\/09\/ment.png?resize=350%2C200&ssl=1","width":350,"height":200},"classes":[]},{"id":24,"url":"https:\/\/ladyfuxia.com\/index.php\/sobre-mi\/","url_meta":{"origin":20,"position":1},"title":"SOBRE M\u00cd","author":"Anny Peterson","date":"16 de enero de 2021","format":false,"excerpt":"\u00a1Hola! Soy Ana y nac\u00ed all\u00e1 por el 1983. Estudi\u00e9 Arquitectura, pero termin\u00e9 trabajando de Dise\u00f1adora gr\u00e1fica que es lo que realmente me apasionaba antes de aventurarme en el mundo de las letras. Vivo en Zaragoza con mi pareja y un par de miniyos. Mis aficiones son leer, escribir, viajar,\u2026","rel":"","context":"Entrada similar","block_context":{"text":"Entrada similar","link":""},"img":{"alt_text":"","src":"https:\/\/i0.wp.com\/ladyfuxia.com\/wp-content\/uploads\/2022\/10\/logodefi.png?resize=350%2C200&ssl=1","width":350,"height":200,"srcset":"https:\/\/i0.wp.com\/ladyfuxia.com\/wp-content\/uploads\/2022\/10\/logodefi.png?resize=350%2C200&ssl=1 1x, https:\/\/i0.wp.com\/ladyfuxia.com\/wp-content\/uploads\/2022\/10\/logodefi.png?resize=700%2C400&ssl=1 2x, https:\/\/i0.wp.com\/ladyfuxia.com\/wp-content\/uploads\/2022\/10\/logodefi.png?resize=1050%2C600&ssl=1 3x"},"classes":[]},{"id":99,"url":"https:\/\/ladyfuxia.com\/index.php\/yo-superyo-y-elle\/","url_meta":{"origin":20,"position":2},"title":"Yo, Supery\u00f3 y Elle","author":"Anny Peterson","date":"18 de enero de 2021","format":false,"excerpt":"Yo, Superyo y Elle (libro \u00fanico) Sinopsis:\u201cImagina que tu gemela empieza a salir con el hombre de tus sue\u00f1os.Seg\u00fan Freud, tu YO dir\u00eda \u00abpues me alegro por ellos, me da igual\u2026\u00bbTu SUPERY\u00d3 pensar\u00eda \u00ab\u00a1Sup\u00e9ralo ya, est\u00e1s por encima de ese idiota!\u00bbPero tu ELLO gritar\u00eda \u00ab\u00a1Malditos hijos de perraaaa!\u00bbEs dif\u00edcil ponerse\u2026","rel":"","context":"Entrada similar","block_context":{"text":"Entrada similar","link":""},"img":{"alt_text":"","src":"","width":0,"height":0},"classes":[]},{"id":22,"url":"https:\/\/ladyfuxia.com\/index.php\/mis-libros\/","url_meta":{"origin":20,"position":3},"title":"MIS LIBROS","author":"Anny Peterson","date":"16 de enero de 2021","format":false,"excerpt":"*Si quieres conseguir mis libros en papel, dedicados, con solapas y marcap\u00e1ginas a juego, puedes ve a la TIENDA y rellena el formulario. Tambi\u00e9n puedes disfrutar de ellos en DIGITAL AQU\u00cd, sea cu\u00e1l sea tu dispositivo electr\u00f3nico.\u00a0Ebook, m\u00f3vil \u2026 instalando la aplicaci\u00f3n gratuita de Kindle. \u00bfQUIERES SABER EL ORDEN RECOMENDADO\u2026","rel":"","context":"Entrada similar","block_context":{"text":"Entrada similar","link":""},"img":{"alt_text":"","src":"https:\/\/i0.wp.com\/ladyfuxia.com\/wp-content\/uploads\/2021\/11\/MISLIBROS.png?resize=350%2C200&ssl=1","width":350,"height":200,"srcset":"https:\/\/i0.wp.com\/ladyfuxia.com\/wp-content\/uploads\/2021\/11\/MISLIBROS.png?resize=350%2C200&ssl=1 1x, https:\/\/i0.wp.com\/ladyfuxia.com\/wp-content\/uploads\/2021\/11\/MISLIBROS.png?resize=700%2C400&ssl=1 2x"},"classes":[]},{"id":515,"url":"https:\/\/ladyfuxia.com\/index.php\/voy-a-ser-tuyo\/","url_meta":{"origin":20,"position":4},"title":"Voy A Ser Tuyo","author":"Anny Peterson","date":"28 de diciembre de 2021","format":false,"excerpt":"Esta historia la voy a colgar en Wattpad de forma gratuita. Habr\u00e1 un cap\u00edtulo cada martes que espero comentarlo con vosotras y que disfrut\u00e9is al m\u00e1ximo. *Si quer\u00e9is que cada martes os llegue un email con el enlace directo al cap\u00edtulo en cuanto lo cuelgue, suscrib\u00edos en esta web. (La\u2026","rel":"","context":"Entrada similar","block_context":{"text":"Entrada similar","link":""},"img":{"alt_text":"","src":"https:\/\/i0.wp.com\/ladyfuxia.com\/wp-content\/uploads\/2021\/12\/MAKLUK3.png?resize=350%2C200&ssl=1","width":350,"height":200,"srcset":"https:\/\/i0.wp.com\/ladyfuxia.com\/wp-content\/uploads\/2021\/12\/MAKLUK3.png?resize=350%2C200&ssl=1 1x, https:\/\/i0.wp.com\/ladyfuxia.com\/wp-content\/uploads\/2021\/12\/MAKLUK3.png?resize=700%2C400&ssl=1 2x, https:\/\/i0.wp.com\/ladyfuxia.com\/wp-content\/uploads\/2021\/12\/MAKLUK3.png?resize=1050%2C600&ssl=1 3x, https:\/\/i0.wp.com\/ladyfuxia.com\/wp-content\/uploads\/2021\/12\/MAKLUK3.png?resize=1400%2C800&ssl=1 4x"},"classes":[]},{"id":1043,"url":"https:\/\/ladyfuxia.com\/index.php\/capitulo-1-vas-a-ser-suya\/","url_meta":{"origin":20,"position":5},"title":"Cap\u00edtulo 1 \u00abVas a ser Suya\u00bb","author":"Anny Peterson","date":"15 de mayo de 2024","format":false,"excerpt":"1viaje al centro de la tierra\u00a0\u00a0 \u201cMi coraz\u00f3n es el \u00fanico que late en este mundo despoblado\u201dJulio Verne \u00a0 \u00a0 Hola, me llamo Carlota, pero deber\u00edan llamarme Murphy porque ese patr\u00f3n de pesimismo universal que reza que \u00absi algo puede salir mal, saldr\u00e1 mal\u00bb, me representa totalmente. Haga lo que\u2026","rel":"","context":"Entrada similar","block_context":{"text":"Entrada similar","link":""},"img":{"alt_text":"","src":"https:\/\/i0.wp.com\/ladyfuxia.com\/wp-content\/uploads\/2024\/05\/webnewmorgan-1140x382.png?resize=350%2C200","width":350,"height":200,"srcset":"https:\/\/i0.wp.com\/ladyfuxia.com\/wp-content\/uploads\/2024\/05\/webnewmorgan-1140x382.png?resize=350%2C200 1x, https:\/\/i0.wp.com\/ladyfuxia.com\/wp-content\/uploads\/2024\/05\/webnewmorgan-1140x382.png?resize=700%2C400 2x"},"classes":[]}],"_links":{"self":[{"href":"https:\/\/ladyfuxia.com\/index.php\/wp-json\/wp\/v2\/pages\/20"}],"collection":[{"href":"https:\/\/ladyfuxia.com\/index.php\/wp-json\/wp\/v2\/pages"}],"about":[{"href":"https:\/\/ladyfuxia.com\/index.php\/wp-json\/wp\/v2\/types\/page"}],"author":[{"embeddable":true,"href":"https:\/\/ladyfuxia.com\/index.php\/wp-json\/wp\/v2\/users\/1"}],"replies":[{"embeddable":true,"href":"https:\/\/ladyfuxia.com\/index.php\/wp-json\/wp\/v2\/comments?post=20"}],"version-history":[{"count":4,"href":"https:\/\/ladyfuxia.com\/index.php\/wp-json\/wp\/v2\/pages\/20\/revisions"}],"predecessor-version":[{"id":506,"href":"https:\/\/ladyfuxia.com\/index.php\/wp-json\/wp\/v2\/pages\/20\/revisions\/506"}],"wp:attachment":[{"href":"https:\/\/ladyfuxia.com\/index.php\/wp-json\/wp\/v2\/media?parent=20"}],"curies":[{"name":"wp","href":"https:\/\/api.w.org\/{rel}","templated":true}]}}