{"id":22,"date":"2021-01-16T16:47:20","date_gmt":"2021-01-16T16:47:20","guid":{"rendered":"http:\/\/ladyfuxia.com\/?page_id=22"},"modified":"2021-12-10T09:44:41","modified_gmt":"2021-12-10T09:44:41","slug":"mis-libros","status":"publish","type":"page","link":"https:\/\/ladyfuxia.com\/index.php\/mis-libros\/","title":{"rendered":"MIS LIBROS"},"content":{"rendered":"\n<div class=\"wp-block-image\"><figure class=\"alignleft size-full is-resized\"><img loading=\"lazy\" decoding=\"async\" src=\"https:\/\/i0.wp.com\/ladyfuxia.com\/wp-content\/uploads\/2021\/11\/MISLIBROS.png?resize=287%2C287\" alt=\"\" class=\"wp-image-389\" width=\"287\" height=\"287\" srcset=\"https:\/\/i0.wp.com\/ladyfuxia.com\/wp-content\/uploads\/2021\/11\/MISLIBROS.png?w=941&amp;ssl=1 941w, https:\/\/i0.wp.com\/ladyfuxia.com\/wp-content\/uploads\/2021\/11\/MISLIBROS.png?resize=300%2C300&amp;ssl=1 300w, https:\/\/i0.wp.com\/ladyfuxia.com\/wp-content\/uploads\/2021\/11\/MISLIBROS.png?resize=150%2C150&amp;ssl=1 150w, https:\/\/i0.wp.com\/ladyfuxia.com\/wp-content\/uploads\/2021\/11\/MISLIBROS.png?resize=768%2C770&amp;ssl=1 768w, https:\/\/i0.wp.com\/ladyfuxia.com\/wp-content\/uploads\/2021\/11\/MISLIBROS.png?resize=75%2C75&amp;ssl=1 75w, https:\/\/i0.wp.com\/ladyfuxia.com\/wp-content\/uploads\/2021\/11\/MISLIBROS.png?resize=600%2C601&amp;ssl=1 600w, https:\/\/i0.wp.com\/ladyfuxia.com\/wp-content\/uploads\/2021\/11\/MISLIBROS.png?resize=100%2C100&amp;ssl=1 100w\" sizes=\"(max-width: 287px) 100vw, 287px\" data-recalc-dims=\"1\" \/><\/figure><\/div>\n\n\n\n<p>*Si quieres conseguir mis libros en papel, dedicados, con solapas y marcap\u00e1ginas a juego, puedes ve a la <a href=\"https:\/\/ladyfuxia.com\/index.php\/tienda-fuxia\/\"><span style=\"color:#e811b9\" class=\"has-inline-color\">TIENDA<\/span><\/a> y rellena el formulario.<\/p>\n\n\n\n<p>Tambi\u00e9n puedes disfrutar de ellos en DIGITAL<span style=\"color:#e71aa9\" class=\"has-inline-color\"> <\/span><a href=\"https:\/\/www.amazon.es\/Anny-Peterson\/e\/B06XCR6KKQ\/ref=dp_byline_cont_pop_ebooks_1\"><span style=\"color:#e714a8\" class=\"has-inline-color\">AQU\u00cd<\/span><\/a>, sea cu\u00e1l sea tu dispositivo electr\u00f3nico.&nbsp;Ebook, m\u00f3vil \u2026 instalando la aplicaci\u00f3n gratuita de Kindle.<\/p>\n\n\n\n<p><\/p>\n\n\n\n<p><a href=\"http:\/\/ladyfuxia.com\/index.php\/orden-de-mis-libros\/\">\u00bfQUIERES SABER EL ORDEN RECOMENDADO DE MIS LIBROS?<\/a><\/p>\n\n\n\n<p><\/p>\n\n\n\n<p><strong>Bilog\u00eda La Droga + dura<\/strong> <a href=\"https:\/\/ladyfuxia.com\/index.php\/bilogia-la-droga-mas-dura\/\">&nbsp;PINCHA AQU\u00cd<\/a><\/p>\n\n\n\n<p><strong>Bilog\u00eda La Mafia<\/strong> &nbsp;<a href=\"https:\/\/ladyfuxia.com\/index.php\/bilogia-la-mafia\/\">&nbsp;PINCHA AQU\u00cd&nbsp;<\/a><\/p>\n\n\n\n<p><strong>Bilog\u00eda En el fondo<\/strong> &nbsp;<a href=\"https:\/\/ladyfuxia.com\/index.php\/bilogia-en-el-fondo\/\">&nbsp;PINCHA AQU\u00cd<\/a><\/p>\n\n\n\n<p><strong>Bilog\u00eda Vas a ser M\u00ed@<\/strong>&nbsp;&nbsp;<a href=\"https:\/\/ladyfuxia.com\/index.php\/bilogia-vas-a-ser-mi\/\">PINCHA AQU\u00cd&nbsp;<\/a><\/p>\n\n\n\n<p><strong>Yo, Supery\u00f3 y Elle<\/strong> <a href=\"https:\/\/ladyfuxia.com\/index.php\/yo-superyo-y-elle\/\">PINCHA AQU\u00cd<\/a><\/p>\n\n\n\n<p><strong>Bilog\u00eda Locos, Sexis y&#8230;<\/strong> <a href=\"https:\/\/ladyfuxia.com\/index.php\/loco-sexi-millonetis\/\">PINCHA AQU\u00cd<\/a><\/p>\n\n\n\n<p><\/p>\n\n\n\n<p><\/p>\n ","protected":false},"excerpt":{"rendered":"<p>*Si quieres conseguir mis libros en papel, dedicados, con solapas y marcap\u00e1ginas a juego, puedes ve a la TIENDA y rellena el formulario. Tambi\u00e9n puedes disfrutar de ellos en DIGITAL AQU\u00cd, sea cu\u00e1l sea tu dispositivo electr\u00f3nico.&nbsp;Ebook, m\u00f3vil \u2026 instalando la aplicaci\u00f3n gratuita de Kindle. \u00bfQUIERES SABER EL ORDEN RECOMENDADO DE MIS LIBROS? Bilog\u00eda La Droga + dura &nbsp;PINCHA AQU\u00cd Bilog\u00eda La Mafia &nbsp;&nbsp;PINCHA AQU\u00cd&nbsp; Bilog\u00eda En el fondo &nbsp;&nbsp;PINCHA AQU\u00cd Bilog\u00eda Vas a ser M\u00ed@&nbsp;&nbsp;PINCHA AQU\u00cd&nbsp; Yo, Supery\u00f3 y Elle PINCHA AQU\u00cd Bilog\u00eda Locos, Sexis y&#8230; PINCHA AQU\u00cd<\/p>\n","protected":false},"author":1,"featured_media":0,"parent":0,"menu_order":0,"comment_status":"closed","ping_status":"closed","template":"","meta":{"footnotes":""},"jetpack_sharing_enabled":true,"jetpack-related-posts":[{"id":599,"url":"https:\/\/ladyfuxia.com\/index.php\/morgan-history\/","url_meta":{"origin":22,"position":0},"title":"Morgan History","author":"Anny Peterson","date":"9 de septiembre de 2022","format":false,"excerpt":"\u00bfVienes a refrescar la bilog\u00eda En el fondo y Vas a ser? \u00a1Perfecto!\u00bfVienes porque quieres leer VAS A SER SUYA y quieres un resumen de lo que ocurri\u00f3 en los libros de sus padres? \u00a1Genial! https:\/\/youtu.be\/6vzuluGOrXY \u00a0VAS A SER M\u00cdA:Esta novela comienza de forma muy especial... A Luz Morgan, una\u2026","rel":"","context":"Entrada similar","block_context":{"text":"Entrada similar","link":""},"img":{"alt_text":"","src":"https:\/\/i0.wp.com\/ladyfuxia.com\/wp-content\/uploads\/2022\/09\/todos9.png?resize=350%2C200","width":350,"height":200},"classes":[]},{"id":226,"url":"https:\/\/ladyfuxia.com\/index.php\/loco-sexi-millonetis\/","url_meta":{"origin":22,"position":1},"title":"Bilog\u00eda Locos, Sexis &#038;&#8230;","author":"Anny Peterson","date":"2 de agosto de 2021","format":false,"excerpt":"Loco, Sexi & Millonetis (N\u00ba1) Sinopsis: Con lo que me gusta a m\u00ed un millonario atormentado, gru\u00f1\u00f3n y elegante\u2026 \u00a1me ten\u00eda que tocar trabajar para uno vacil\u00f3n, loco y demasiado sexi\u2026!, es decir, lo que yo llamo, un \"millonetis\".Quien dijo que afortunado en el juego, desafortunado en amores\u2026 no conoc\u00eda\u2026","rel":"","context":"Entrada similar","block_context":{"text":"Entrada similar","link":""},"img":{"alt_text":"","src":"https:\/\/i0.wp.com\/ladyfuxia.com\/wp-content\/uploads\/2021\/08\/MILLONETIS.png?resize=350%2C200&ssl=1","width":350,"height":200,"srcset":"https:\/\/i0.wp.com\/ladyfuxia.com\/wp-content\/uploads\/2021\/08\/MILLONETIS.png?resize=350%2C200&ssl=1 1x, https:\/\/i0.wp.com\/ladyfuxia.com\/wp-content\/uploads\/2021\/08\/MILLONETIS.png?resize=700%2C400&ssl=1 2x"},"classes":[]},{"id":29,"url":"https:\/\/ladyfuxia.com\/index.php\/orden-de-mis-libros\/","url_meta":{"origin":22,"position":2},"title":"Orden de mis libros","author":"Anny Peterson","date":"16 de enero de 2021","format":false,"excerpt":"Siempre recomiendo seguir el orden de publicaci\u00f3n, ya que en todos mis libros hay gui\u00f1os o cameos de los anteriores, aunque sin gran relevancia para la historia principal, simplemente se disfrutan m\u00e1s al relacionar los gui\u00f1os.\u00a0Pero es importante saber\u00a0que hay dos universos claros:\u00a01) La bilog\u00eda Droga + La bilog\u00eda Mafia\u00a02)\u2026","rel":"","context":"Entrada similar","block_context":{"text":"Entrada similar","link":""},"img":{"alt_text":"","src":"https:\/\/i0.wp.com\/ladyfuxia.com\/wp-content\/uploads\/2021\/12\/unnamed2-scaled.jpeg?resize=350%2C200&ssl=1","width":350,"height":200,"srcset":"https:\/\/i0.wp.com\/ladyfuxia.com\/wp-content\/uploads\/2021\/12\/unnamed2-scaled.jpeg?resize=350%2C200&ssl=1 1x, https:\/\/i0.wp.com\/ladyfuxia.com\/wp-content\/uploads\/2021\/12\/unnamed2-scaled.jpeg?resize=700%2C400&ssl=1 2x, https:\/\/i0.wp.com\/ladyfuxia.com\/wp-content\/uploads\/2021\/12\/unnamed2-scaled.jpeg?resize=1050%2C600&ssl=1 3x, https:\/\/i0.wp.com\/ladyfuxia.com\/wp-content\/uploads\/2021\/12\/unnamed2-scaled.jpeg?resize=1400%2C800&ssl=1 4x"},"classes":[]},{"id":99,"url":"https:\/\/ladyfuxia.com\/index.php\/yo-superyo-y-elle\/","url_meta":{"origin":22,"position":3},"title":"Yo, Supery\u00f3 y Elle","author":"Anny Peterson","date":"18 de enero de 2021","format":false,"excerpt":"Yo, Superyo y Elle (libro \u00fanico) Sinopsis:\u201cImagina que tu gemela empieza a salir con el hombre de tus sue\u00f1os.Seg\u00fan Freud, tu YO dir\u00eda \u00abpues me alegro por ellos, me da igual\u2026\u00bbTu SUPERY\u00d3 pensar\u00eda \u00ab\u00a1Sup\u00e9ralo ya, est\u00e1s por encima de ese idiota!\u00bbPero tu ELLO gritar\u00eda \u00ab\u00a1Malditos hijos de perraaaa!\u00bbEs dif\u00edcil ponerse\u2026","rel":"","context":"Entrada similar","block_context":{"text":"Entrada similar","link":""},"img":{"alt_text":"","src":"","width":0,"height":0},"classes":[]},{"id":370,"url":"https:\/\/ladyfuxia.com\/index.php\/loca-sexi-mentirosa\/","url_meta":{"origin":22,"position":4},"title":"Loca, Sexi &#038; Mentirosa","author":"Anny Peterson","date":"24 de septiembre de 2021","format":false,"excerpt":"Loca, Sexi y Mentirosa Leer aqu\u00ed en digital: https:\/\/www.azonlinks.com\/B09H2VHPHR SINOPSIS: Con lo que me gusta a m\u00ed un millonario atormentado, gru\u00f1\u00f3n y elegante\u2026 \u00a1me ten\u00eda que tocar trabajar para uno vacil\u00f3n, loco y demasiado sexi\u2026!, es decir, lo que yo llamo, un \"millonetis\".Quien dijo que afortunado en el juego, desafortunado\u2026","rel":"","context":"Entrada similar","block_context":{"text":"Entrada similar","link":""},"img":{"alt_text":"","src":"https:\/\/i0.wp.com\/ladyfuxia.com\/wp-content\/uploads\/2021\/09\/ment.png?resize=350%2C200&ssl=1","width":350,"height":200},"classes":[]},{"id":24,"url":"https:\/\/ladyfuxia.com\/index.php\/sobre-mi\/","url_meta":{"origin":22,"position":5},"title":"SOBRE M\u00cd","author":"Anny Peterson","date":"16 de enero de 2021","format":false,"excerpt":"\u00a1Hola! Soy Ana y nac\u00ed all\u00e1 por el 1983. Estudi\u00e9 Arquitectura, pero termin\u00e9 trabajando de Dise\u00f1adora gr\u00e1fica que es lo que realmente me apasionaba antes de aventurarme en el mundo de las letras. Vivo en Zaragoza con mi pareja y un par de miniyos. Mis aficiones son leer, escribir, viajar,\u2026","rel":"","context":"Entrada similar","block_context":{"text":"Entrada similar","link":""},"img":{"alt_text":"","src":"https:\/\/i0.wp.com\/ladyfuxia.com\/wp-content\/uploads\/2022\/10\/logodefi.png?resize=350%2C200&ssl=1","width":350,"height":200,"srcset":"https:\/\/i0.wp.com\/ladyfuxia.com\/wp-content\/uploads\/2022\/10\/logodefi.png?resize=350%2C200&ssl=1 1x, https:\/\/i0.wp.com\/ladyfuxia.com\/wp-content\/uploads\/2022\/10\/logodefi.png?resize=700%2C400&ssl=1 2x, https:\/\/i0.wp.com\/ladyfuxia.com\/wp-content\/uploads\/2022\/10\/logodefi.png?resize=1050%2C600&ssl=1 3x"},"classes":[]}],"_links":{"self":[{"href":"https:\/\/ladyfuxia.com\/index.php\/wp-json\/wp\/v2\/pages\/22"}],"collection":[{"href":"https:\/\/ladyfuxia.com\/index.php\/wp-json\/wp\/v2\/pages"}],"about":[{"href":"https:\/\/ladyfuxia.com\/index.php\/wp-json\/wp\/v2\/types\/page"}],"author":[{"embeddable":true,"href":"https:\/\/ladyfuxia.com\/index.php\/wp-json\/wp\/v2\/users\/1"}],"replies":[{"embeddable":true,"href":"https:\/\/ladyfuxia.com\/index.php\/wp-json\/wp\/v2\/comments?post=22"}],"version-history":[{"count":28,"href":"https:\/\/ladyfuxia.com\/index.php\/wp-json\/wp\/v2\/pages\/22\/revisions"}],"predecessor-version":[{"id":510,"href":"https:\/\/ladyfuxia.com\/index.php\/wp-json\/wp\/v2\/pages\/22\/revisions\/510"}],"wp:attachment":[{"href":"https:\/\/ladyfuxia.com\/index.php\/wp-json\/wp\/v2\/media?parent=22"}],"curies":[{"name":"wp","href":"https:\/\/api.w.org\/{rel}","templated":true}]}}