{"id":24,"date":"2021-01-16T16:48:07","date_gmt":"2021-01-16T16:48:07","guid":{"rendered":"http:\/\/ladyfuxia.com\/?page_id=24"},"modified":"2022-10-17T08:03:29","modified_gmt":"2022-10-17T08:03:29","slug":"sobre-mi","status":"publish","type":"page","link":"https:\/\/ladyfuxia.com\/index.php\/sobre-mi\/","title":{"rendered":"SOBRE M\u00cd"},"content":{"rendered":"\n<div class=\"wp-block-image\"><figure class=\"alignleft size-full is-resized\"><img loading=\"lazy\" decoding=\"async\" src=\"https:\/\/i0.wp.com\/ladyfuxia.com\/wp-content\/uploads\/2021\/12\/annyp-300x300-1.png?resize=222%2C222&#038;ssl=1\" alt=\"\" class=\"wp-image-491\" width=\"222\" height=\"222\" srcset=\"https:\/\/i0.wp.com\/ladyfuxia.com\/wp-content\/uploads\/2021\/12\/annyp-300x300-1.png?w=300&amp;ssl=1 300w, https:\/\/i0.wp.com\/ladyfuxia.com\/wp-content\/uploads\/2021\/12\/annyp-300x300-1.png?resize=150%2C150&amp;ssl=1 150w, https:\/\/i0.wp.com\/ladyfuxia.com\/wp-content\/uploads\/2021\/12\/annyp-300x300-1.png?resize=75%2C75&amp;ssl=1 75w, https:\/\/i0.wp.com\/ladyfuxia.com\/wp-content\/uploads\/2021\/12\/annyp-300x300-1.png?resize=100%2C100&amp;ssl=1 100w\" sizes=\"(max-width: 222px) 100vw, 222px\" data-recalc-dims=\"1\" \/><\/figure><\/div>\n\n\n\n<p id=\"block-9a20994b-198f-463a-880d-539eac84edaa\">\u00a1Hola! Soy Ana y nac\u00ed all\u00e1 por el 1983.<\/p>\n\n\n\n<p id=\"block-b2d930f6-13bf-4842-b419-2e801a4586fd\">Estudi\u00e9 Arquitectura, pero termin\u00e9 trabajando de Dise\u00f1adora gr\u00e1fica que es lo que realmente me apasionaba antes de aventurarme en el mundo de las letras.<\/p>\n\n\n\n<p id=\"block-b2d930f6-13bf-4842-b419-2e801a4586fd\">Vivo en Zaragoza con mi pareja y un par de miniyos. Mis aficiones son leer, escribir, viajar, ver series y pel\u00edculas, y&#8230; para qu\u00e9 negarlo, \u00a1comer!<\/p>\n\n\n\n<p id=\"block-e3b56a37-0746-4bfc-bd10-603048d0b8b2\">Leo desde muy peque\u00f1ita y devoro libros de todo tipo, pero me gusta escribir rom\u00e1ntica er\u00f3tica (sin mucha <em>pastelada<\/em>). Mi sello personal es mezclar el amor con algo de intriga, temas sociales pol\u00e9micos y un toque de humor ir\u00f3nico. En mis libros siempre se exaltar la relevancia de la familia que se elige.<\/p>\n\n\n\n<p id=\"block-54dbe23f-7edc-4954-9085-8ca3d98ecc0b\">Despu\u00e9s de estar a\u00f1os d\u00e1ndole vueltas a la idea de escribir un libro, por fin me decid\u00ed. En principio iba a ser algo aislado, pero es m\u00e1s adictivo de lo que imaginaba. La experiencia fue cat\u00e1rtica, adem\u00e1s de embriagadora gracias a toda la gente que se puso en contacto conmigo para decirme lo mucho que les gustaban mis novelas. A todos ellos, millones de gracias por animarme a seguir.<\/p>\n\n\n\n<p id=\"block-6a1b174f-33ba-47bc-b372-94a5b17abc1b\">Y gracias a ti, por tomarte la molestia de leer estas l\u00edneas sobre m\u00ed.<\/p>\n\n\n\n<p id=\"block-6eb0c6f4-eae8-4512-8fd1-f9176d967206\">Anny P.<\/p>\n\n\n\n<div class=\"wp-block-image\"><figure class=\"alignleft size-large is-resized\"><img loading=\"lazy\" decoding=\"async\" src=\"https:\/\/i0.wp.com\/ladyfuxia.com\/wp-content\/uploads\/2022\/10\/logodefi-1024x786.png?resize=207%2C159&#038;ssl=1\" alt=\"\" class=\"wp-image-672\" width=\"207\" height=\"159\" srcset=\"https:\/\/i0.wp.com\/ladyfuxia.com\/wp-content\/uploads\/2022\/10\/logodefi.png?resize=1024%2C786&amp;ssl=1 1024w, https:\/\/i0.wp.com\/ladyfuxia.com\/wp-content\/uploads\/2022\/10\/logodefi.png?resize=300%2C230&amp;ssl=1 300w, https:\/\/i0.wp.com\/ladyfuxia.com\/wp-content\/uploads\/2022\/10\/logodefi.png?resize=768%2C589&amp;ssl=1 768w, https:\/\/i0.wp.com\/ladyfuxia.com\/wp-content\/uploads\/2022\/10\/logodefi.png?w=1083&amp;ssl=1 1083w\" sizes=\"(max-width: 207px) 100vw, 207px\" data-recalc-dims=\"1\" \/><\/figure><\/div>\n ","protected":false},"excerpt":{"rendered":"<p>\u00a1Hola! Soy Ana y nac\u00ed all\u00e1 por el 1983. Estudi\u00e9 Arquitectura, pero termin\u00e9 trabajando de Dise\u00f1adora gr\u00e1fica que es lo que realmente me apasionaba antes de aventurarme en el mundo de las letras. Vivo en Zaragoza con mi pareja y un par de miniyos. Mis aficiones son leer, escribir, viajar, ver series y pel\u00edculas, y&#8230; para qu\u00e9 negarlo, \u00a1comer! Leo desde muy peque\u00f1ita y devoro libros de todo tipo, pero me gusta escribir rom\u00e1ntica er\u00f3tica (sin mucha pastelada). Mi sello personal es mezclar el amor con algo de intriga, temas sociales pol\u00e9micos y un toque de humor ir\u00f3nico. En mis libros siempre se exaltar la relevancia de la familia que se elige. Despu\u00e9s de estar a\u00f1os d\u00e1ndole vueltas a la idea de escribir un libro, por fin me decid\u00ed. En principio iba a ser algo aislado, pero es m\u00e1s adictivo de lo que imaginaba. La experiencia fue cat\u00e1rtica, adem\u00e1s de embriagadora gracias a toda la gente que se puso en contacto conmigo para decirme lo mucho que les gustaban mis novelas. A todos ellos, millones de gracias por animarme a seguir. Y gracias a ti, por tomarte la molestia de leer estas l\u00edneas sobre m\u00ed. Anny P.<\/p>\n","protected":false},"author":1,"featured_media":0,"parent":0,"menu_order":0,"comment_status":"closed","ping_status":"closed","template":"","meta":{"footnotes":""},"jetpack_sharing_enabled":true,"jetpack-related-posts":[],"_links":{"self":[{"href":"https:\/\/ladyfuxia.com\/index.php\/wp-json\/wp\/v2\/pages\/24"}],"collection":[{"href":"https:\/\/ladyfuxia.com\/index.php\/wp-json\/wp\/v2\/pages"}],"about":[{"href":"https:\/\/ladyfuxia.com\/index.php\/wp-json\/wp\/v2\/types\/page"}],"author":[{"embeddable":true,"href":"https:\/\/ladyfuxia.com\/index.php\/wp-json\/wp\/v2\/users\/1"}],"replies":[{"embeddable":true,"href":"https:\/\/ladyfuxia.com\/index.php\/wp-json\/wp\/v2\/comments?post=24"}],"version-history":[{"count":8,"href":"https:\/\/ladyfuxia.com\/index.php\/wp-json\/wp\/v2\/pages\/24\/revisions"}],"predecessor-version":[{"id":676,"href":"https:\/\/ladyfuxia.com\/index.php\/wp-json\/wp\/v2\/pages\/24\/revisions\/676"}],"wp:attachment":[{"href":"https:\/\/ladyfuxia.com\/index.php\/wp-json\/wp\/v2\/media?parent=24"}],"curies":[{"name":"wp","href":"https:\/\/api.w.org\/{rel}","templated":true}]}}