{"id":29,"date":"2021-01-16T16:51:56","date_gmt":"2021-01-16T16:51:56","guid":{"rendered":"http:\/\/ladyfuxia.com\/?page_id=29"},"modified":"2021-12-10T10:03:54","modified_gmt":"2021-12-10T10:03:54","slug":"orden-de-mis-libros","status":"publish","type":"page","link":"https:\/\/ladyfuxia.com\/index.php\/orden-de-mis-libros\/","title":{"rendered":"Orden de mis libros"},"content":{"rendered":"\n<p>Siempre recomiendo seguir el orden de publicaci\u00f3n, ya que en todos mis libros hay gui\u00f1os o cameos de los anteriores, aunque sin gran relevancia para la historia principal, simplemente se disfrutan m\u00e1s al relacionar los gui\u00f1os.\u00a0Pero es importante saber\u00a0que hay dos universos claros:\u00a0<br><span class=\"has-inline-color has-luminous-vivid-orange-color\">1) La bilog\u00eda Droga + La bilog\u00eda Mafia\u00a0<\/span><span class=\"has-inline-color has-vivid-purple-color\"><br>2) La Bilog\u00eda En el fondo + La bilog\u00eda Vas a ser M\u00eda \/ M\u00edo.\u00a0<\/span><br>Por lo tanto, lo m\u00e1s l\u00f3gico es empezar, o bien por La Droga m\u00e1s dura 1, o por En el fondo me tienes. Y continuar con el resto de su universo.<\/p>\n\n\n\n<p><span style=\"text-decoration: underline;\">Apuntes:<\/span><\/p>\n\n\n\n<p>* <em>La bilog\u00eda Mafia<\/em> es un <em>spin-off<\/em> de <em>La Droga m\u00e1s dura<\/em>, es decir, es la historia de los hijos y aparecen todos los de La Droga.<\/p>\n\n\n\n<p>* En <em>VasASerM\u00edo<\/em> aparecen personajes de <em>En el fondo<\/em> que tienen y tendr\u00e1n relevancia en futuros libros.\u00a0\ud83d\ude09<\/p>\n\n\n\n<p>*En <em>Yo, Superyo y Elle <\/em>y en <em>La bilog\u00eda Locos<\/em>, hay cameos y gui\u00f1os de los personajes de <em>Vas a ser M\u00eda\/M\u00edo.<\/em><\/p>\n\n\n\n<figure class=\"wp-block-image size-large is-resized\"><img loading=\"lazy\" decoding=\"async\" src=\"https:\/\/i0.wp.com\/ladyfuxia.com\/wp-content\/uploads\/2021\/12\/unnamed2.jpeg?resize=530%2C530\" alt=\"\" class=\"wp-image-512\" width=\"530\" height=\"530\" srcset=\"https:\/\/i0.wp.com\/ladyfuxia.com\/wp-content\/uploads\/2021\/12\/unnamed2-scaled.jpeg?resize=1024%2C1024&amp;ssl=1 1024w, https:\/\/i0.wp.com\/ladyfuxia.com\/wp-content\/uploads\/2021\/12\/unnamed2-scaled.jpeg?resize=300%2C300&amp;ssl=1 300w, https:\/\/i0.wp.com\/ladyfuxia.com\/wp-content\/uploads\/2021\/12\/unnamed2-scaled.jpeg?resize=150%2C150&amp;ssl=1 150w, https:\/\/i0.wp.com\/ladyfuxia.com\/wp-content\/uploads\/2021\/12\/unnamed2-scaled.jpeg?resize=768%2C768&amp;ssl=1 768w, https:\/\/i0.wp.com\/ladyfuxia.com\/wp-content\/uploads\/2021\/12\/unnamed2-scaled.jpeg?resize=1536%2C1536&amp;ssl=1 1536w, https:\/\/i0.wp.com\/ladyfuxia.com\/wp-content\/uploads\/2021\/12\/unnamed2-scaled.jpeg?resize=2048%2C2048&amp;ssl=1 2048w, https:\/\/i0.wp.com\/ladyfuxia.com\/wp-content\/uploads\/2021\/12\/unnamed2-scaled.jpeg?resize=1140%2C1140&amp;ssl=1 1140w, https:\/\/i0.wp.com\/ladyfuxia.com\/wp-content\/uploads\/2021\/12\/unnamed2-scaled.jpeg?resize=75%2C75&amp;ssl=1 75w, https:\/\/i0.wp.com\/ladyfuxia.com\/wp-content\/uploads\/2021\/12\/unnamed2-scaled.jpeg?resize=600%2C600&amp;ssl=1 600w, https:\/\/i0.wp.com\/ladyfuxia.com\/wp-content\/uploads\/2021\/12\/unnamed2-scaled.jpeg?resize=100%2C100&amp;ssl=1 100w, https:\/\/i0.wp.com\/ladyfuxia.com\/wp-content\/uploads\/2021\/12\/unnamed2-scaled.jpeg?w=1920 1920w\" sizes=\"(max-width: 530px) 100vw, 530px\" data-recalc-dims=\"1\" \/><\/figure>\n ","protected":false},"excerpt":{"rendered":"<p>Siempre recomiendo seguir el orden de publicaci\u00f3n, ya que en todos mis libros hay gui\u00f1os o cameos de los anteriores, aunque sin gran relevancia para la historia principal, simplemente se disfrutan m\u00e1s al relacionar los gui\u00f1os.\u00a0Pero es importante saber\u00a0que hay dos universos claros:\u00a01) La bilog\u00eda Droga + La bilog\u00eda Mafia\u00a02) La Bilog\u00eda En el fondo + La bilog\u00eda Vas a ser M\u00eda \/ M\u00edo.\u00a0Por lo tanto, lo m\u00e1s l\u00f3gico es empezar, o bien por La Droga m\u00e1s dura 1, o por En el fondo me tienes. Y continuar con el resto de su universo. Apuntes: * La bilog\u00eda Mafia es un spin-off de La Droga m\u00e1s dura, es decir, es la historia de los hijos y aparecen todos los de La Droga. * En VasASerM\u00edo aparecen personajes de En el fondo que tienen y tendr\u00e1n relevancia en futuros libros.\u00a0\ud83d\ude09 *En Yo, Superyo y Elle y en La bilog\u00eda Locos, hay cameos y gui\u00f1os de los personajes de Vas a ser M\u00eda\/M\u00edo.<\/p>\n","protected":false},"author":1,"featured_media":0,"parent":0,"menu_order":0,"comment_status":"closed","ping_status":"closed","template":"","meta":{"footnotes":""},"jetpack_sharing_enabled":true,"jetpack-related-posts":[{"id":22,"url":"https:\/\/ladyfuxia.com\/index.php\/mis-libros\/","url_meta":{"origin":29,"position":0},"title":"MIS LIBROS","author":"Anny Peterson","date":"16 de enero de 2021","format":false,"excerpt":"*Si quieres conseguir mis libros en papel, dedicados, con solapas y marcap\u00e1ginas a juego, puedes ve a la TIENDA y rellena el formulario. Tambi\u00e9n puedes disfrutar de ellos en DIGITAL AQU\u00cd, sea cu\u00e1l sea tu dispositivo electr\u00f3nico.\u00a0Ebook, m\u00f3vil \u2026 instalando la aplicaci\u00f3n gratuita de Kindle. \u00bfQUIERES SABER EL ORDEN RECOMENDADO\u2026","rel":"","context":"Entrada similar","block_context":{"text":"Entrada similar","link":""},"img":{"alt_text":"","src":"https:\/\/i0.wp.com\/ladyfuxia.com\/wp-content\/uploads\/2021\/11\/MISLIBROS.png?resize=350%2C200&ssl=1","width":350,"height":200,"srcset":"https:\/\/i0.wp.com\/ladyfuxia.com\/wp-content\/uploads\/2021\/11\/MISLIBROS.png?resize=350%2C200&ssl=1 1x, https:\/\/i0.wp.com\/ladyfuxia.com\/wp-content\/uploads\/2021\/11\/MISLIBROS.png?resize=700%2C400&ssl=1 2x"},"classes":[]},{"id":70,"url":"https:\/\/ladyfuxia.com\/index.php\/bilogia-la-droga-mas-dura\/","url_meta":{"origin":29,"position":1},"title":"Bilog\u00eda La Droga + dura","author":"Anny Peterson","date":"18 de enero de 2021","format":false,"excerpt":"La Droga + dura I: Atr\u00e9vete a probarla\u00a0 Sinopsis: \"Si vas contra reloj para descubrir al culpable de una violaci\u00f3n mediante\u00a0\u00a0drogas amn\u00e9sicas\u00a0\u00a0en una agencia de modelos, aseg\u00farate de no formar un equipo infiltrado con: -Dos personas perfectamente compatibles y atractivas que se odian a muerte y nadie sepa por qu\u00e9.\u2026","rel":"","context":"Entrada similar","block_context":{"text":"Entrada similar","link":""},"img":{"alt_text":"","src":"","width":0,"height":0},"classes":[]},{"id":80,"url":"https:\/\/ladyfuxia.com\/index.php\/bilogia-la-mafia\/","url_meta":{"origin":29,"position":2},"title":"Bilog\u00eda La Mafia","author":"Anny Peterson","date":"18 de enero de 2021","format":false,"excerpt":"La Mafia que nos une (Mafia N\u00ba1) Sinopsis: \"Despu\u00e9s de cinco a\u00f1os trabajando como detective privado en Nueva York, Noa vuelve a casa para rehacer su vida tras resolver un traum\u00e1tico caso.\u00a0Y, aunque el regreso a Espa\u00f1a no ser\u00e1 f\u00e1cil ya que dej\u00f3 un par de asuntos pendientes con nombre\u2026","rel":"","context":"Entrada similar","block_context":{"text":"Entrada similar","link":""},"img":{"alt_text":"","src":"","width":0,"height":0},"classes":[]},{"id":85,"url":"https:\/\/ladyfuxia.com\/index.php\/bilogia-en-el-fondo\/","url_meta":{"origin":29,"position":3},"title":"Bilog\u00eda En el fondo","author":"Anny Peterson","date":"18 de enero de 2021","format":false,"excerpt":"En el fondo, me tienes Sinopsis: \u201cMe llamo Emma y mi vida es un completo desastre. Trabajo como esclava en un bufete de abogados y me sobran 10Kg. Vale, seg\u00fan mi madre son 15 y otros 5 de mala leche. De amor, mejor ni hablamos... \u00bfLo \u00fanico bueno de mi\u2026","rel":"","context":"Entrada similar","block_context":{"text":"Entrada similar","link":""},"img":{"alt_text":"","src":"","width":0,"height":0},"classes":[]},{"id":90,"url":"https:\/\/ladyfuxia.com\/index.php\/bilogia-vas-a-ser-mi\/","url_meta":{"origin":29,"position":4},"title":"Bilog\u00eda Vas a ser M\u00ed@","author":"Anny Peterson","date":"18 de enero de 2021","format":false,"excerpt":"Vas a ser M\u00eda (N\u00ba1) Sinopsis: \u201cHan matado a mi amiga Lara y pienso averiguar qui\u00e9n ha sido. Necesito respuestas y s\u00e9 que Kai Morgan las tiene, pero a ver qui\u00e9n es la guapa que se las pide. Dicen que es traficante\u2026 Y probablemente lo sea. Y un proxeneta\u2026 Toda\u2026","rel":"","context":"Entrada similar","block_context":{"text":"Entrada similar","link":""},"img":{"alt_text":"","src":"","width":0,"height":0},"classes":[]},{"id":599,"url":"https:\/\/ladyfuxia.com\/index.php\/morgan-history\/","url_meta":{"origin":29,"position":5},"title":"Morgan History","author":"Anny Peterson","date":"9 de septiembre de 2022","format":false,"excerpt":"\u00bfVienes a refrescar la bilog\u00eda En el fondo y Vas a ser? \u00a1Perfecto!\u00bfVienes porque quieres leer VAS A SER SUYA y quieres un resumen de lo que ocurri\u00f3 en los libros de sus padres? \u00a1Genial! https:\/\/youtu.be\/6vzuluGOrXY \u00a0VAS A SER M\u00cdA:Esta novela comienza de forma muy especial... A Luz Morgan, una\u2026","rel":"","context":"Entrada similar","block_context":{"text":"Entrada similar","link":""},"img":{"alt_text":"","src":"https:\/\/i0.wp.com\/ladyfuxia.com\/wp-content\/uploads\/2022\/09\/todos9.png?resize=350%2C200","width":350,"height":200},"classes":[]}],"_links":{"self":[{"href":"https:\/\/ladyfuxia.com\/index.php\/wp-json\/wp\/v2\/pages\/29"}],"collection":[{"href":"https:\/\/ladyfuxia.com\/index.php\/wp-json\/wp\/v2\/pages"}],"about":[{"href":"https:\/\/ladyfuxia.com\/index.php\/wp-json\/wp\/v2\/types\/page"}],"author":[{"embeddable":true,"href":"https:\/\/ladyfuxia.com\/index.php\/wp-json\/wp\/v2\/users\/1"}],"replies":[{"embeddable":true,"href":"https:\/\/ladyfuxia.com\/index.php\/wp-json\/wp\/v2\/comments?post=29"}],"version-history":[{"count":4,"href":"https:\/\/ladyfuxia.com\/index.php\/wp-json\/wp\/v2\/pages\/29\/revisions"}],"predecessor-version":[{"id":513,"href":"https:\/\/ladyfuxia.com\/index.php\/wp-json\/wp\/v2\/pages\/29\/revisions\/513"}],"wp:attachment":[{"href":"https:\/\/ladyfuxia.com\/index.php\/wp-json\/wp\/v2\/media?parent=29"}],"curies":[{"name":"wp","href":"https:\/\/api.w.org\/{rel}","templated":true}]}}