{"id":515,"date":"2021-12-28T14:28:07","date_gmt":"2021-12-28T14:28:07","guid":{"rendered":"https:\/\/ladyfuxia.com\/?page_id=515"},"modified":"2022-06-15T08:29:14","modified_gmt":"2022-06-15T08:29:14","slug":"voy-a-ser-tuyo","status":"publish","type":"page","link":"https:\/\/ladyfuxia.com\/index.php\/voy-a-ser-tuyo\/","title":{"rendered":"Voy A Ser Tuyo"},"content":{"rendered":"\n<figure class=\"wp-block-image size-large\"><img loading=\"lazy\" decoding=\"async\" width=\"960\" height=\"320\" src=\"https:\/\/i0.wp.com\/ladyfuxia.com\/wp-content\/uploads\/2021\/12\/MAKLUK3-1024x341.png?resize=960%2C320&#038;ssl=1\" alt=\"\" class=\"wp-image-516\" srcset=\"https:\/\/i0.wp.com\/ladyfuxia.com\/wp-content\/uploads\/2021\/12\/MAKLUK3.png?resize=1024%2C341&amp;ssl=1 1024w, https:\/\/i0.wp.com\/ladyfuxia.com\/wp-content\/uploads\/2021\/12\/MAKLUK3.png?resize=300%2C100&amp;ssl=1 300w, https:\/\/i0.wp.com\/ladyfuxia.com\/wp-content\/uploads\/2021\/12\/MAKLUK3.png?resize=768%2C256&amp;ssl=1 768w, https:\/\/i0.wp.com\/ladyfuxia.com\/wp-content\/uploads\/2021\/12\/MAKLUK3.png?resize=1536%2C512&amp;ssl=1 1536w, https:\/\/i0.wp.com\/ladyfuxia.com\/wp-content\/uploads\/2021\/12\/MAKLUK3.png?resize=2048%2C683&amp;ssl=1 2048w, https:\/\/i0.wp.com\/ladyfuxia.com\/wp-content\/uploads\/2021\/12\/MAKLUK3.png?resize=1140%2C380&amp;ssl=1 1140w, https:\/\/i0.wp.com\/ladyfuxia.com\/wp-content\/uploads\/2021\/12\/MAKLUK3.png?resize=600%2C200&amp;ssl=1 600w, https:\/\/i0.wp.com\/ladyfuxia.com\/wp-content\/uploads\/2021\/12\/MAKLUK3.png?w=1920 1920w\" sizes=\"(max-width: 960px) 100vw, 960px\" data-recalc-dims=\"1\" \/><\/figure>\n\n\n\n<p>Esta historia la voy a colgar en Wattpad de forma gratuita. Habr\u00e1 un cap\u00edtulo cada martes que espero comentarlo con vosotras y que disfrut\u00e9is al m\u00e1ximo.<\/p>\n\n\n\n<p>*Si quer\u00e9is que cada martes os llegue un email con el enlace directo al cap\u00edtulo en cuanto lo cuelgue, suscrib\u00edos en esta web. (La casilla de suscripci\u00f3n est\u00e1 en la p\u00e1gina principal, abajo, a la derecha. Solo es meter vuestro email).<\/p>\n\n\n\n<p>Ya pod\u00e9is leer en <strong>WATTPAD<\/strong> este fant\u00e1stico Spinoff (historia anterior sobre personajes de la bilog\u00eda <em>Vas a ser M\u00eda\/M\u00edo<\/em>), que actualmente pod\u00e9is leer gratis en <strong>Prime Reading Amazon<\/strong> o Kindle Unlimited.<\/p>\n\n\n\n<p><strong>CAP\u00cdTULOS:<\/strong><\/p>\n\n\n\n<p><a href=\"https:\/\/www.wattpad.com\/1171447312-voy-a-ser-tuyo-antes-de-leer\"><span class=\"has-inline-color has-vivid-red-color\"><strong>Leer aqu\u00ed el<\/strong><\/span> <span class=\"has-inline-color has-vivid-red-color\"><strong>Cap\u00edtulo 1 de <em>VOY A SER TUYO<\/em><\/strong><\/span><\/a><span class=\"has-inline-color has-vivid-red-color\"><strong> <\/strong><\/span><\/p>\n\n\n\n<p><strong><a href=\"https:\/\/www.wattpad.com\/1174523913-voy-a-ser-tuyo-cap%C3%ADtulo-2-vivir-sin-permiso\"><span class=\"has-inline-color has-vivid-purple-color\">Leer aqu\u00ed el Cap\u00edtulo 2 de <em>VOY A SER TUYO<\/em><\/span><\/a><\/strong><\/p>\n\n\n\n<p><strong><a rel=\"noreferrer noopener\" href=\"https:\/\/www.wattpad.com\/1175477195-voy-a-ser-tuyo-cap%C3%ADtulo-3-g-e-o\/page\/2\" target=\"_blank\"><span class=\"has-inline-color has-luminous-vivid-amber-color\">Leer aqu\u00ed el Cap\u00edtulo 3 de <em>VOY A SER TUYO<\/em><\/span><\/a><\/strong><\/p>\n\n\n\n<p><meta charset=\"utf-8\"><a href=\"https:\/\/www.wattpad.com\/1177811415-voy-a-ser-tuyo-cap%C3%ADtulo-4-the-shinner\"><span class=\"has-inline-color has-vivid-red-color\"><strong>Leer aqu\u00ed el<\/strong><\/span> <span class=\"has-inline-color has-vivid-red-color\"><strong>Cap\u00edtulo 4 de <em>VOY A SER TUYO<\/em> <\/strong><\/span><\/a><\/p>\n\n\n\n<p><strong><a href=\"https:\/\/www.wattpad.com\/1180780441-voy-a-ser-tuyo-cap%C3%ADtulo-5-la-caza\"><span class=\"has-inline-color has-vivid-purple-color\">Leer aqu\u00ed el Cap\u00edtulo 5 de <em>VOY A SER TUYO<\/em><\/span><\/a><\/strong><\/p>\n\n\n\n<p><strong><a href=\"https:\/\/www.wattpad.com\/1183831810-voy-a-ser-tuyo-cap%C3%ADtulo-6-elementary\"><span class=\"has-inline-color has-luminous-vivid-amber-color\">Leer aqu\u00ed el Cap\u00edtulo 6 de <em>VOY A SER TUYO<\/em><\/span><\/a><\/strong><\/p>\n\n\n\n<p><strong><a href=\"https:\/\/www.wattpad.com\/1186730330-voy-a-ser-tuyo-cap%C3%ADtulo-7-ley-y-orden\"><span class=\"has-inline-color has-vivid-red-color\">Leer aqu\u00ed el Cap\u00edtulo 7 de <em>VOY A SER TUYO<\/em><\/span><\/a><\/strong><\/p>\n\n\n\n<p><meta charset=\"utf-8\"><strong><a href=\"https:\/\/www.wattpad.com\/1189717305-voy-a-ser-tuyo-cap%C3%ADtulo-8-vis-a-vis\"><span class=\"has-inline-color has-vivid-purple-color\">Leer aqu\u00ed el Cap\u00edtulo 8 de <em>VOY A SER TUYO<\/em><\/span><\/a><\/strong><\/p>\n\n\n\n<p><meta charset=\"utf-8\"><strong><a href=\"https:\/\/www.wattpad.com\/1192547336-voy-a-ser-tuyo-capitulo-9-el-cuerpo-del-delito\"><span class=\"has-inline-color has-luminous-vivid-amber-color\">Leer aqu\u00ed el Cap\u00edtulo 9 de <em>VOY A SER TUYO<\/em><\/span><\/a><\/strong><\/p>\n\n\n\n<p><meta charset=\"utf-8\"><strong><a href=\"https:\/\/www.wattpad.com\/1195429224-voy-a-ser-tuyo-cap%C3%ADtulo-10-crossing-lines\"><span class=\"has-inline-color has-vivid-red-color\">Leer aqu\u00ed el Cap\u00edtulo 10 de <em>VOY A SER TUYO<\/em><\/span><\/a><\/strong><\/p>\n\n\n\n<p><meta charset=\"utf-8\"><strong><a href=\"https:\/\/www.wattpad.com\/1198243080-voy-a-ser-tuyo-cap%C3%ADtulo-11-animal-kingdom\"><span class=\"has-inline-color has-vivid-purple-color\">Leer aqu\u00ed el Cap\u00edtulo 11 de <em>VOY A SER TUYO<\/em><\/span><\/a><\/strong><\/p>\n\n\n\n<p><meta charset=\"utf-8\"><strong><a href=\"https:\/\/www.wattpad.com\/1201006394-voy-a-ser-tuyo-cap%C3%ADtulo-12-prison-break\"><span class=\"has-inline-color has-luminous-vivid-amber-color\">Leer aqu\u00ed el Cap\u00edtulo 12 de <em>VOY A SER TUYO<\/em><\/span><\/a><\/strong><\/p>\n\n\n\n<p><strong><a href=\"https:\/\/www.wattpad.com\/1203687379-voy-a-ser-tuyo-cap%C3%ADtulo-13-line-of-duty\"><span class=\"has-inline-color has-vivid-red-color\">Leer aqu\u00ed el Cap\u00edtulo 13 de <em>VOY A SER TUYO<\/em><\/span><\/a><\/strong><\/p>\n\n\n\n<p><strong><a href=\"https:\/\/www.wattpad.com\/1206301338-voy-a-ser-tuyo-cap%C3%ADtulo-14-gomorra\" data-type=\"page\"><span class=\"has-inline-color has-vivid-purple-color\">Leer aqu\u00ed el Cap\u00edtulo 14 de <em>VOY A SER TUYO<\/em><\/span><\/a><\/strong><\/p>\n\n\n\n<p><strong><a href=\"https:\/\/www.wattpad.com\/1208857269-voy-a-ser-tuyo-cap%C3%ADtulo-15-prodigal-son\"><span class=\"has-inline-color has-luminous-vivid-amber-color\">Leer aqu\u00ed el Cap\u00edtulo 15 de <em>VOY A SER TUYO<\/em><\/span><\/a><\/strong><\/p>\n\n\n\n<p><strong><a href=\"https:\/\/www.wattpad.com\/1224096836-voy-a-ser-tuyo-cap%C3%ADtulo-16-j%C3%B3venes-polic%C3%ADas\"><span class=\"has-inline-color has-vivid-red-color\">Leer aqu\u00ed el Cap\u00edtulo 16 de <em>VOY A SER TUYO<\/em><\/span><\/a><\/strong><\/p>\n\n\n\n<p><meta charset=\"utf-8\"><strong><a href=\"https:\/\/www.wattpad.com\/1226450950-voy-a-ser-tuyo-cap%C3%ADtulo-17-mindhunter\" data-type=\"page\"><span class=\"has-inline-color has-vivid-purple-color\">Leer aqu\u00ed el Cap\u00edtulo 17 de <em>VOY A SER TUYO<\/em><\/span><\/a><\/strong><\/p>\n ","protected":false},"excerpt":{"rendered":"<p>Esta historia la voy a colgar en Wattpad de forma gratuita. Habr\u00e1 un cap\u00edtulo cada martes que espero comentarlo con vosotras y que disfrut\u00e9is al m\u00e1ximo. *Si quer\u00e9is que cada martes os llegue un email con el enlace directo al cap\u00edtulo en cuanto lo cuelgue, suscrib\u00edos en esta web. (La casilla de suscripci\u00f3n est\u00e1 en la p\u00e1gina principal, abajo, a la derecha. Solo es meter vuestro email). Ya pod\u00e9is leer en WATTPAD este fant\u00e1stico Spinoff (historia anterior sobre personajes de la bilog\u00eda Vas a ser M\u00eda\/M\u00edo), que actualmente pod\u00e9is leer gratis en Prime Reading Amazon o Kindle Unlimited. CAP\u00cdTULOS: Leer aqu\u00ed el Cap\u00edtulo 1 de VOY A SER TUYO Leer aqu\u00ed el Cap\u00edtulo 2 de VOY A SER TUYO Leer aqu\u00ed el Cap\u00edtulo 3 de VOY A SER TUYO Leer aqu\u00ed el Cap\u00edtulo 4 de VOY A SER TUYO Leer aqu\u00ed el Cap\u00edtulo 5 de VOY A SER TUYO Leer aqu\u00ed el Cap\u00edtulo 6 de VOY A SER TUYO Leer aqu\u00ed el Cap\u00edtulo 7 de VOY A SER TUYO Leer aqu\u00ed el Cap\u00edtulo 8 de VOY A SER TUYO Leer aqu\u00ed el Cap\u00edtulo 9 de VOY A SER TUYO Leer aqu\u00ed el Cap\u00edtulo 10 de VOY A SER TUYO Leer aqu\u00ed el Cap\u00edtulo 11 de VOY A SER TUYO Leer aqu\u00ed el Cap\u00edtulo 12 de VOY A SER TUYO Leer aqu\u00ed el Cap\u00edtulo 13 de VOY A SER TUYO Leer aqu\u00ed el Cap\u00edtulo 14 de VOY A SER TUYO Leer aqu\u00ed el Cap\u00edtulo 15 de VOY A SER TUYO Leer aqu\u00ed el Cap\u00edtulo 16 de VOY A SER TUYO Leer aqu\u00ed el Cap\u00edtulo 17 de VOY A SER TUYO<\/p>\n","protected":false},"author":1,"featured_media":0,"parent":0,"menu_order":0,"comment_status":"closed","ping_status":"closed","template":"","meta":{"footnotes":""},"jetpack_sharing_enabled":true,"jetpack-related-posts":[{"id":599,"url":"https:\/\/ladyfuxia.com\/index.php\/morgan-history\/","url_meta":{"origin":515,"position":0},"title":"Morgan History","author":"Anny Peterson","date":"9 de septiembre de 2022","format":false,"excerpt":"\u00bfVienes a refrescar la bilog\u00eda En el fondo y Vas a ser? \u00a1Perfecto!\u00bfVienes porque quieres leer VAS A SER SUYA y quieres un resumen de lo que ocurri\u00f3 en los libros de sus padres? \u00a1Genial! https:\/\/youtu.be\/6vzuluGOrXY \u00a0VAS A SER M\u00cdA:Esta novela comienza de forma muy especial... A Luz Morgan, una\u2026","rel":"","context":"Entrada similar","block_context":{"text":"Entrada similar","link":""},"img":{"alt_text":"","src":"https:\/\/i0.wp.com\/ladyfuxia.com\/wp-content\/uploads\/2022\/09\/todos9.png?resize=350%2C200","width":350,"height":200},"classes":[]},{"id":1043,"url":"https:\/\/ladyfuxia.com\/index.php\/capitulo-1-vas-a-ser-suya\/","url_meta":{"origin":515,"position":1},"title":"Cap\u00edtulo 1 \u00abVas a ser Suya\u00bb","author":"Anny Peterson","date":"15 de mayo de 2024","format":false,"excerpt":"1viaje al centro de la tierra\u00a0\u00a0 \u201cMi coraz\u00f3n es el \u00fanico que late en este mundo despoblado\u201dJulio Verne \u00a0 \u00a0 Hola, me llamo Carlota, pero deber\u00edan llamarme Murphy porque ese patr\u00f3n de pesimismo universal que reza que \u00absi algo puede salir mal, saldr\u00e1 mal\u00bb, me representa totalmente. Haga lo que\u2026","rel":"","context":"Entrada similar","block_context":{"text":"Entrada similar","link":""},"img":{"alt_text":"","src":"https:\/\/i0.wp.com\/ladyfuxia.com\/wp-content\/uploads\/2024\/05\/webnewmorgan-1140x382.png?resize=350%2C200","width":350,"height":200,"srcset":"https:\/\/i0.wp.com\/ladyfuxia.com\/wp-content\/uploads\/2024\/05\/webnewmorgan-1140x382.png?resize=350%2C200 1x, https:\/\/i0.wp.com\/ladyfuxia.com\/wp-content\/uploads\/2024\/05\/webnewmorgan-1140x382.png?resize=700%2C400 2x"},"classes":[]},{"id":1228,"url":"https:\/\/ladyfuxia.com\/index.php\/santa-este-ano-voy-a-ser-mala\/","url_meta":{"origin":515,"position":2},"title":"Santa, este a\u00f1o&#8230; \u00a1voy a ser mala!","author":"Anny Peterson","date":"5 de diciembre de 2024","format":false,"excerpt":"","rel":"","context":"Entrada similar","block_context":{"text":"Entrada similar","link":""},"img":{"alt_text":"","src":"https:\/\/i0.wp.com\/ladyfuxia.com\/wp-content\/uploads\/2024\/11\/cropped-websan.png?resize=350%2C200&ssl=1","width":350,"height":200,"srcset":"https:\/\/i0.wp.com\/ladyfuxia.com\/wp-content\/uploads\/2024\/11\/cropped-websan.png?resize=350%2C200&ssl=1 1x, https:\/\/i0.wp.com\/ladyfuxia.com\/wp-content\/uploads\/2024\/11\/cropped-websan.png?resize=700%2C400&ssl=1 2x, https:\/\/i0.wp.com\/ladyfuxia.com\/wp-content\/uploads\/2024\/11\/cropped-websan.png?resize=1050%2C600&ssl=1 3x, https:\/\/i0.wp.com\/ladyfuxia.com\/wp-content\/uploads\/2024\/11\/cropped-websan.png?resize=1400%2C800&ssl=1 4x"},"classes":[]},{"id":401,"url":"https:\/\/ladyfuxia.com\/index.php\/novedades\/","url_meta":{"origin":515,"position":3},"title":"Novedades","author":"Anny Peterson","date":"19 de noviembre de 2021","format":false,"excerpt":"Pr\u00f3logo Jaque al duque \"La jugada est\u00e1 ah\u00ed, pero necesitas verla\"Savielly Tartakower Viernes 6 de marzo \u2014\u00a1No dispare! \u2014grita el hombre al que estoy apuntando. Y no me extra\u00f1a. Seguro que ha captado que ganas no me faltan. Ha tenido a medio pa\u00eds en vilo durante las \u00faltimas cuarenta y\u2026","rel":"","context":"Entrada similar","block_context":{"text":"Entrada similar","link":""},"img":{"alt_text":"","src":"https:\/\/i0.wp.com\/ladyfuxia.com\/wp-content\/uploads\/2023\/04\/re-1.png?resize=350%2C200&ssl=1","width":350,"height":200,"srcset":"https:\/\/i0.wp.com\/ladyfuxia.com\/wp-content\/uploads\/2023\/04\/re-1.png?resize=350%2C200&ssl=1 1x, https:\/\/i0.wp.com\/ladyfuxia.com\/wp-content\/uploads\/2023\/04\/re-1.png?resize=700%2C400&ssl=1 2x, https:\/\/i0.wp.com\/ladyfuxia.com\/wp-content\/uploads\/2023\/04\/re-1.png?resize=1050%2C600&ssl=1 3x, https:\/\/i0.wp.com\/ladyfuxia.com\/wp-content\/uploads\/2023\/04\/re-1.png?resize=1400%2C800&ssl=1 4x"},"classes":[]},{"id":1129,"url":"https:\/\/ladyfuxia.com\/index.php\/preventa-santa\/","url_meta":{"origin":515,"position":4},"title":"Preventa Santa, este a\u00f1o&#8230; \u00a1voy a ser mala!","author":"Anny Peterson","date":"16 de agosto de 2024","format":false,"excerpt":"","rel":"","context":"Entrada similar","block_context":{"text":"Entrada similar","link":""},"img":{"alt_text":"","src":"","width":0,"height":0},"classes":[]},{"id":29,"url":"https:\/\/ladyfuxia.com\/index.php\/orden-de-mis-libros\/","url_meta":{"origin":515,"position":5},"title":"Orden de mis libros","author":"Anny Peterson","date":"16 de enero de 2021","format":false,"excerpt":"Siempre recomiendo seguir el orden de publicaci\u00f3n, ya que en todos mis libros hay gui\u00f1os o cameos de los anteriores, aunque sin gran relevancia para la historia principal, simplemente se disfrutan m\u00e1s al relacionar los gui\u00f1os.\u00a0Pero es importante saber\u00a0que hay dos universos claros:\u00a01) La bilog\u00eda Droga + La bilog\u00eda Mafia\u00a02)\u2026","rel":"","context":"Entrada similar","block_context":{"text":"Entrada similar","link":""},"img":{"alt_text":"","src":"https:\/\/i0.wp.com\/ladyfuxia.com\/wp-content\/uploads\/2021\/12\/unnamed2-scaled.jpeg?resize=350%2C200&ssl=1","width":350,"height":200,"srcset":"https:\/\/i0.wp.com\/ladyfuxia.com\/wp-content\/uploads\/2021\/12\/unnamed2-scaled.jpeg?resize=350%2C200&ssl=1 1x, https:\/\/i0.wp.com\/ladyfuxia.com\/wp-content\/uploads\/2021\/12\/unnamed2-scaled.jpeg?resize=700%2C400&ssl=1 2x, https:\/\/i0.wp.com\/ladyfuxia.com\/wp-content\/uploads\/2021\/12\/unnamed2-scaled.jpeg?resize=1050%2C600&ssl=1 3x, https:\/\/i0.wp.com\/ladyfuxia.com\/wp-content\/uploads\/2021\/12\/unnamed2-scaled.jpeg?resize=1400%2C800&ssl=1 4x"},"classes":[]}],"_links":{"self":[{"href":"https:\/\/ladyfuxia.com\/index.php\/wp-json\/wp\/v2\/pages\/515"}],"collection":[{"href":"https:\/\/ladyfuxia.com\/index.php\/wp-json\/wp\/v2\/pages"}],"about":[{"href":"https:\/\/ladyfuxia.com\/index.php\/wp-json\/wp\/v2\/types\/page"}],"author":[{"embeddable":true,"href":"https:\/\/ladyfuxia.com\/index.php\/wp-json\/wp\/v2\/users\/1"}],"replies":[{"embeddable":true,"href":"https:\/\/ladyfuxia.com\/index.php\/wp-json\/wp\/v2\/comments?post=515"}],"version-history":[{"count":21,"href":"https:\/\/ladyfuxia.com\/index.php\/wp-json\/wp\/v2\/pages\/515\/revisions"}],"predecessor-version":[{"id":587,"href":"https:\/\/ladyfuxia.com\/index.php\/wp-json\/wp\/v2\/pages\/515\/revisions\/587"}],"wp:attachment":[{"href":"https:\/\/ladyfuxia.com\/index.php\/wp-json\/wp\/v2\/media?parent=515"}],"curies":[{"name":"wp","href":"https:\/\/api.w.org\/{rel}","templated":true}]}}