{"id":70,"date":"2021-01-18T09:28:05","date_gmt":"2021-01-18T09:28:05","guid":{"rendered":"http:\/\/ladyfuxia.com\/?page_id=70"},"modified":"2021-12-07T12:11:23","modified_gmt":"2021-12-07T12:11:23","slug":"bilogia-la-droga-mas-dura","status":"publish","type":"page","link":"https:\/\/ladyfuxia.com\/index.php\/bilogia-la-droga-mas-dura\/","title":{"rendered":"Bilog\u00eda La Droga + dura"},"content":{"rendered":"\n<p><strong>La Droga + dura I: Atr\u00e9vete a probarla&nbsp;<\/strong><\/p>\n\n\n\n<div class=\"wp-block-image\"><figure class=\"alignleft size-large is-resized\"><img loading=\"lazy\" decoding=\"async\" src=\"https:\/\/i0.wp.com\/ladyfuxia.com\/wp-content\/uploads\/2021\/01\/ld1.png?resize=199%2C275&#038;ssl=1\" alt=\"\" class=\"wp-image-71\" width=\"199\" height=\"275\" srcset=\"https:\/\/i0.wp.com\/ladyfuxia.com\/wp-content\/uploads\/2021\/01\/ld1.png?w=328&amp;ssl=1 328w, https:\/\/i0.wp.com\/ladyfuxia.com\/wp-content\/uploads\/2021\/01\/ld1.png?resize=217%2C300&amp;ssl=1 217w\" sizes=\"(max-width: 199px) 100vw, 199px\" data-recalc-dims=\"1\" \/><\/figure><\/div>\n\n\n\n<p><\/p>\n\n\n\n<p><\/p>\n\n\n\n<p><\/p>\n\n\n\n<p><\/p>\n\n\n\n<p><\/p>\n\n\n\n<p><\/p>\n\n\n\n<p><\/p>\n\n\n\n<p><\/p>\n\n\n\n<p><\/p>\n\n\n\n<p><em><strong>Sinopsis:<\/strong><\/em><\/p>\n\n\n\n<p>\u00abSi vas contra reloj para descubrir al culpable de una violaci\u00f3n mediante&nbsp;&nbsp;drogas amn\u00e9sicas&nbsp;&nbsp;en una agencia de modelos, aseg\u00farate de no formar un equipo infiltrado con:<\/p>\n\n\n\n<p>-Dos personas perfectamente compatibles y atractivas que se odian a muerte y nadie sepa por qu\u00e9.<\/p>\n\n\n\n<p>-Un superdotado antisocial acorralado por una ins\u00f3lita atracci\u00f3n sexual hacia el inspector que investiga el caso.<\/p>\n\n\n\n<p>-Una secretaria adicta a las pel\u00edculas de miedo ya la CocaCola Zero secretamente enamorada de su jefe casado.\u00bb<\/p>\n\n\n\n<p><meta charset=\"utf-8\"><\/p>\n\n\n\n<p><strong>Desc\u00e1rgalo en el siguiente link<\/strong>:<a href=\" https:\/\/tinyurl.com\/yxmorpq8\"> <\/a><a href=\"https:\/\/www.azonlinks.com\/B06XCFRV3B\"><\/a><a rel=\"noreferrer noopener\" href=\"https:\/\/www.azonlinks.com\/B06XCFRV3B\" target=\"_blank\"><span style=\"color:#e421e0\" class=\"has-inline-color\">https:\/\/www.azonlinks.com\/B06XCFRV3B<\/span><\/a><\/p>\n\n\n\n<p>&#8212;<\/p>\n\n\n\n<p><\/p>\n\n\n\n<p><strong>La Droga + dura II: Intenta dejarla.<\/strong><\/p>\n\n\n\n<div class=\"wp-block-image\"><figure class=\"alignleft size-large is-resized\"><img loading=\"lazy\" decoding=\"async\" src=\"https:\/\/i0.wp.com\/ladyfuxia.com\/wp-content\/uploads\/2021\/01\/ld2.png?resize=197%2C272&#038;ssl=1\" alt=\"\" class=\"wp-image-72\" width=\"197\" height=\"272\" srcset=\"https:\/\/i0.wp.com\/ladyfuxia.com\/wp-content\/uploads\/2021\/01\/ld2.png?w=328&amp;ssl=1 328w, https:\/\/i0.wp.com\/ladyfuxia.com\/wp-content\/uploads\/2021\/01\/ld2.png?resize=217%2C300&amp;ssl=1 217w\" sizes=\"(max-width: 197px) 100vw, 197px\" data-recalc-dims=\"1\" \/><\/figure><\/div>\n\n\n\n<p><\/p>\n\n\n\n<p><\/p>\n\n\n\n<p><\/p>\n\n\n\n<p><\/p>\n\n\n\n<p><\/p>\n\n\n\n<p><\/p>\n\n\n\n<p><\/p>\n\n\n\n<p><\/p>\n\n\n\n<p><\/p>\n\n\n\n<p><strong><em>Sinopsis<\/em>:<\/strong><\/p>\n\n\n\n<p>\u00abLa vida contin\u00faa despu\u00e9s de aquel maldito, en el que todo parec\u00eda hacerse a\u00f1icos.<\/p>\n\n\n\n<p>Primera fase de un adicto:&nbsp;&nbsp;EL MONO: \u00bfes posible desengancharse del amor?<\/p>\n\n\n\n<p>Naia&nbsp;&nbsp;pronto ver\u00e1 cumplido su mayor sue\u00f1o dentro de su peor pesadilla.<\/p>\n\n\n\n<p>Axel&nbsp;&nbsp;no est\u00e1 listo para hacer por las malas, algo que deseaba hacer por las buenas.<\/p>\n\n\n\n<p>Leo&nbsp;&nbsp;se ha ido.&nbsp;Sin embargo su cuerpo sigue viviendo su vida autom\u00e1ticamente.<\/p>\n\n\n\n<p>Zoe&nbsp;&nbsp;est\u00e1 a punto de descubrir que a veces, no queda otra opci\u00f3n que ser valiente.<\/p>\n\n\n\n<p>C\u00e9sar&nbsp;&nbsp;ha desaparecido, est\u00e1 concentrado en su nueva meta y no contesta a las llamadas.<\/p>\n\n\n\n<p>Jorge&nbsp;&nbsp;espera un clavo ardiendo al que sujetarse para no caer de nuevo al vac\u00edo.\u00bb<\/p>\n\n\n\n<p><meta charset=\"utf-8\"><meta charset=\"utf-8\"><\/p>\n\n\n\n<p><strong>Desc\u00e1rgalo en el siguiente link<\/strong>:<span class=\"has-inline-color has-vivid-cyan-blue-color\"> <\/span><a href=\"https:\/\/www.azonlinks.com\/B06Y1C28QX\"><\/a><a rel=\"noreferrer noopener\" href=\"https:\/\/www.azonlinks.com\/B06Y1C28QX\" target=\"_blank\"><span class=\"has-inline-color has-vivid-cyan-blue-color\">https:\/\/www.azonlinks.com\/B06Y1C28QX<\/span><\/a><\/p>\n\n\n\n<p><\/p>\n ","protected":false},"excerpt":{"rendered":"<p>La Droga + dura I: Atr\u00e9vete a probarla&nbsp; Sinopsis: \u00abSi vas contra reloj para descubrir al culpable de una violaci\u00f3n mediante&nbsp;&nbsp;drogas amn\u00e9sicas&nbsp;&nbsp;en una agencia de modelos, aseg\u00farate de no formar un equipo infiltrado con: -Dos personas perfectamente compatibles y atractivas que se odian a muerte y nadie sepa por qu\u00e9. -Un superdotado antisocial acorralado por una ins\u00f3lita atracci\u00f3n sexual hacia el inspector que investiga el caso. -Una secretaria adicta a las pel\u00edculas de miedo ya la CocaCola Zero secretamente enamorada de su jefe casado.\u00bb Desc\u00e1rgalo en el siguiente link: https:\/\/www.azonlinks.com\/B06XCFRV3B &#8212; La Droga + dura II: Intenta dejarla. Sinopsis: \u00abLa vida contin\u00faa despu\u00e9s de aquel maldito, en el que todo parec\u00eda hacerse a\u00f1icos. Primera fase de un adicto:&nbsp;&nbsp;EL MONO: \u00bfes posible desengancharse del amor? Naia&nbsp;&nbsp;pronto ver\u00e1 cumplido su mayor sue\u00f1o dentro de su peor pesadilla. Axel&nbsp;&nbsp;no est\u00e1 listo para hacer por las malas, algo que deseaba hacer por las buenas. Leo&nbsp;&nbsp;se ha ido.&nbsp;Sin embargo su cuerpo sigue viviendo su vida autom\u00e1ticamente. Zoe&nbsp;&nbsp;est\u00e1 a punto de descubrir que a veces, no queda otra opci\u00f3n que ser valiente. C\u00e9sar&nbsp;&nbsp;ha desaparecido, est\u00e1 concentrado en su nueva meta y no contesta a las llamadas. Jorge&nbsp;&nbsp;espera un clavo ardiendo al que sujetarse para no caer de nuevo al vac\u00edo.\u00bb Desc\u00e1rgalo en el siguiente link: https:\/\/www.azonlinks.com\/B06Y1C28QX<\/p>\n","protected":false},"author":1,"featured_media":0,"parent":0,"menu_order":0,"comment_status":"closed","ping_status":"closed","template":"","meta":{"footnotes":""},"jetpack_sharing_enabled":true,"jetpack-related-posts":[{"id":29,"url":"https:\/\/ladyfuxia.com\/index.php\/orden-de-mis-libros\/","url_meta":{"origin":70,"position":0},"title":"Orden de mis libros","author":"Anny Peterson","date":"16 de enero de 2021","format":false,"excerpt":"Siempre recomiendo seguir el orden de publicaci\u00f3n, ya que en todos mis libros hay gui\u00f1os o cameos de los anteriores, aunque sin gran relevancia para la historia principal, simplemente se disfrutan m\u00e1s al relacionar los gui\u00f1os.\u00a0Pero es importante saber\u00a0que hay dos universos claros:\u00a01) La bilog\u00eda Droga + La bilog\u00eda Mafia\u00a02)\u2026","rel":"","context":"Entrada similar","block_context":{"text":"Entrada similar","link":""},"img":{"alt_text":"","src":"https:\/\/i0.wp.com\/ladyfuxia.com\/wp-content\/uploads\/2021\/12\/unnamed2-scaled.jpeg?resize=350%2C200&ssl=1","width":350,"height":200,"srcset":"https:\/\/i0.wp.com\/ladyfuxia.com\/wp-content\/uploads\/2021\/12\/unnamed2-scaled.jpeg?resize=350%2C200&ssl=1 1x, https:\/\/i0.wp.com\/ladyfuxia.com\/wp-content\/uploads\/2021\/12\/unnamed2-scaled.jpeg?resize=700%2C400&ssl=1 2x, https:\/\/i0.wp.com\/ladyfuxia.com\/wp-content\/uploads\/2021\/12\/unnamed2-scaled.jpeg?resize=1050%2C600&ssl=1 3x, https:\/\/i0.wp.com\/ladyfuxia.com\/wp-content\/uploads\/2021\/12\/unnamed2-scaled.jpeg?resize=1400%2C800&ssl=1 4x"},"classes":[]},{"id":22,"url":"https:\/\/ladyfuxia.com\/index.php\/mis-libros\/","url_meta":{"origin":70,"position":1},"title":"MIS LIBROS","author":"Anny Peterson","date":"16 de enero de 2021","format":false,"excerpt":"*Si quieres conseguir mis libros en papel, dedicados, con solapas y marcap\u00e1ginas a juego, puedes ve a la TIENDA y rellena el formulario. Tambi\u00e9n puedes disfrutar de ellos en DIGITAL AQU\u00cd, sea cu\u00e1l sea tu dispositivo electr\u00f3nico.\u00a0Ebook, m\u00f3vil \u2026 instalando la aplicaci\u00f3n gratuita de Kindle. \u00bfQUIERES SABER EL ORDEN RECOMENDADO\u2026","rel":"","context":"Entrada similar","block_context":{"text":"Entrada similar","link":""},"img":{"alt_text":"","src":"https:\/\/i0.wp.com\/ladyfuxia.com\/wp-content\/uploads\/2021\/11\/MISLIBROS.png?resize=350%2C200&ssl=1","width":350,"height":200,"srcset":"https:\/\/i0.wp.com\/ladyfuxia.com\/wp-content\/uploads\/2021\/11\/MISLIBROS.png?resize=350%2C200&ssl=1 1x, https:\/\/i0.wp.com\/ladyfuxia.com\/wp-content\/uploads\/2021\/11\/MISLIBROS.png?resize=700%2C400&ssl=1 2x"},"classes":[]},{"id":90,"url":"https:\/\/ladyfuxia.com\/index.php\/bilogia-vas-a-ser-mi\/","url_meta":{"origin":70,"position":2},"title":"Bilog\u00eda Vas a ser M\u00ed@","author":"Anny Peterson","date":"18 de enero de 2021","format":false,"excerpt":"Vas a ser M\u00eda (N\u00ba1) Sinopsis: \u201cHan matado a mi amiga Lara y pienso averiguar qui\u00e9n ha sido. Necesito respuestas y s\u00e9 que Kai Morgan las tiene, pero a ver qui\u00e9n es la guapa que se las pide. Dicen que es traficante\u2026 Y probablemente lo sea. Y un proxeneta\u2026 Toda\u2026","rel":"","context":"Entrada similar","block_context":{"text":"Entrada similar","link":""},"img":{"alt_text":"","src":"","width":0,"height":0},"classes":[]},{"id":80,"url":"https:\/\/ladyfuxia.com\/index.php\/bilogia-la-mafia\/","url_meta":{"origin":70,"position":3},"title":"Bilog\u00eda La Mafia","author":"Anny Peterson","date":"18 de enero de 2021","format":false,"excerpt":"La Mafia que nos une (Mafia N\u00ba1) Sinopsis: \"Despu\u00e9s de cinco a\u00f1os trabajando como detective privado en Nueva York, Noa vuelve a casa para rehacer su vida tras resolver un traum\u00e1tico caso.\u00a0Y, aunque el regreso a Espa\u00f1a no ser\u00e1 f\u00e1cil ya que dej\u00f3 un par de asuntos pendientes con nombre\u2026","rel":"","context":"Entrada similar","block_context":{"text":"Entrada similar","link":""},"img":{"alt_text":"","src":"","width":0,"height":0},"classes":[]},{"id":85,"url":"https:\/\/ladyfuxia.com\/index.php\/bilogia-en-el-fondo\/","url_meta":{"origin":70,"position":4},"title":"Bilog\u00eda En el fondo","author":"Anny Peterson","date":"18 de enero de 2021","format":false,"excerpt":"En el fondo, me tienes Sinopsis: \u201cMe llamo Emma y mi vida es un completo desastre. Trabajo como esclava en un bufete de abogados y me sobran 10Kg. Vale, seg\u00fan mi madre son 15 y otros 5 de mala leche. De amor, mejor ni hablamos... \u00bfLo \u00fanico bueno de mi\u2026","rel":"","context":"Entrada similar","block_context":{"text":"Entrada similar","link":""},"img":{"alt_text":"","src":"","width":0,"height":0},"classes":[]},{"id":226,"url":"https:\/\/ladyfuxia.com\/index.php\/loco-sexi-millonetis\/","url_meta":{"origin":70,"position":5},"title":"Bilog\u00eda Locos, Sexis &#038;&#8230;","author":"Anny Peterson","date":"2 de agosto de 2021","format":false,"excerpt":"Loco, Sexi & Millonetis (N\u00ba1) Sinopsis: Con lo que me gusta a m\u00ed un millonario atormentado, gru\u00f1\u00f3n y elegante\u2026 \u00a1me ten\u00eda que tocar trabajar para uno vacil\u00f3n, loco y demasiado sexi\u2026!, es decir, lo que yo llamo, un \"millonetis\".Quien dijo que afortunado en el juego, desafortunado en amores\u2026 no conoc\u00eda\u2026","rel":"","context":"Entrada similar","block_context":{"text":"Entrada similar","link":""},"img":{"alt_text":"","src":"https:\/\/i0.wp.com\/ladyfuxia.com\/wp-content\/uploads\/2021\/08\/MILLONETIS.png?resize=350%2C200&ssl=1","width":350,"height":200,"srcset":"https:\/\/i0.wp.com\/ladyfuxia.com\/wp-content\/uploads\/2021\/08\/MILLONETIS.png?resize=350%2C200&ssl=1 1x, https:\/\/i0.wp.com\/ladyfuxia.com\/wp-content\/uploads\/2021\/08\/MILLONETIS.png?resize=700%2C400&ssl=1 2x"},"classes":[]}],"_links":{"self":[{"href":"https:\/\/ladyfuxia.com\/index.php\/wp-json\/wp\/v2\/pages\/70"}],"collection":[{"href":"https:\/\/ladyfuxia.com\/index.php\/wp-json\/wp\/v2\/pages"}],"about":[{"href":"https:\/\/ladyfuxia.com\/index.php\/wp-json\/wp\/v2\/types\/page"}],"author":[{"embeddable":true,"href":"https:\/\/ladyfuxia.com\/index.php\/wp-json\/wp\/v2\/users\/1"}],"replies":[{"embeddable":true,"href":"https:\/\/ladyfuxia.com\/index.php\/wp-json\/wp\/v2\/comments?post=70"}],"version-history":[{"count":17,"href":"https:\/\/ladyfuxia.com\/index.php\/wp-json\/wp\/v2\/pages\/70\/revisions"}],"predecessor-version":[{"id":490,"href":"https:\/\/ladyfuxia.com\/index.php\/wp-json\/wp\/v2\/pages\/70\/revisions\/490"}],"wp:attachment":[{"href":"https:\/\/ladyfuxia.com\/index.php\/wp-json\/wp\/v2\/media?parent=70"}],"curies":[{"name":"wp","href":"https:\/\/api.w.org\/{rel}","templated":true}]}}