{"id":80,"date":"2021-01-18T14:33:15","date_gmt":"2021-01-18T14:33:15","guid":{"rendered":"http:\/\/ladyfuxia.com\/?page_id=80"},"modified":"2021-12-07T11:46:59","modified_gmt":"2021-12-07T11:46:59","slug":"bilogia-la-mafia","status":"publish","type":"page","link":"https:\/\/ladyfuxia.com\/index.php\/bilogia-la-mafia\/","title":{"rendered":"Bilog\u00eda La Mafia"},"content":{"rendered":"\n<p><meta charset=\"utf-8\"><strong>La Mafia que nos une (Mafia N\u00ba1)<\/strong><\/p>\n\n\n\n<div class=\"wp-block-image\"><figure class=\"alignleft size-large is-resized\"><img loading=\"lazy\" decoding=\"async\" src=\"https:\/\/i0.wp.com\/ladyfuxia.com\/wp-content\/uploads\/2021\/01\/lm1.png?resize=172%2C238&#038;ssl=1\" alt=\"\" class=\"wp-image-81\" width=\"172\" height=\"238\" srcset=\"https:\/\/i0.wp.com\/ladyfuxia.com\/wp-content\/uploads\/2021\/01\/lm1.png?w=328&amp;ssl=1 328w, https:\/\/i0.wp.com\/ladyfuxia.com\/wp-content\/uploads\/2021\/01\/lm1.png?resize=217%2C300&amp;ssl=1 217w\" sizes=\"(max-width: 172px) 100vw, 172px\" data-recalc-dims=\"1\" \/><\/figure><\/div>\n\n\n\n<p><\/p>\n\n\n\n<p><strong><em>Sinopsis:<\/em><\/strong><\/p>\n\n\n\n<p>\u00abDespu\u00e9s de cinco a\u00f1os trabajando como detective privado en Nueva York, Noa vuelve a casa para rehacer su vida tras resolver un traum\u00e1tico caso.\u00a0Y, aunque el regreso a Espa\u00f1a no ser\u00e1 f\u00e1cil ya que dej\u00f3 un par de asuntos pendientes con nombre propio, pronto se dar\u00e1 cuenta de que, en la sombra, alguien busca venganza.<\/p>\n\n\n\n<p>Casualmente, la \u00fanica persona que podr\u00e1 esconderla de una muerte segura es su mayor enemigo de la infancia \u2026<\/p>\n\n\n\n<p>Pero aquel ni\u00f1o que hac\u00eda la vida imposible ha cambiado y la atracci\u00f3n que surgir\u00e1 entre ellos ser\u00e1 m\u00e1s peligroso que cualquier persecuci\u00f3n por parte de la Mafia.\u00bb<\/p>\n\n\n\n<p><meta charset=\"utf-8\"><strong>Desc\u00e1rgalo en el siguiente link:<a href=\"https:\/\/www.azonlinks.com\/1708048111\"> <\/a><\/strong><em><a rel=\"noreferrer noopener\" href=\"https:\/\/www.azonlinks.com\/1708048111\" target=\"_blank\"><span class=\"has-inline-color has-pale-pink-color\">https:\/\/www.azonlinks.com\/1708048111<\/span><\/a><\/em><\/p>\n\n\n\n<p><\/p>\n\n\n\n<p><\/p>\n\n\n\n<p><meta charset=\"utf-8\"><strong>El Poder de la Mafia (Mafia N\u00ba2)<\/strong><\/p>\n\n\n\n<div class=\"wp-block-image\"><figure class=\"alignleft size-large is-resized\"><img loading=\"lazy\" decoding=\"async\" src=\"https:\/\/i0.wp.com\/ladyfuxia.com\/wp-content\/uploads\/2021\/01\/lm2.png?resize=174%2C240&#038;ssl=1\" alt=\"\" class=\"wp-image-82\" width=\"174\" height=\"240\" srcset=\"https:\/\/i0.wp.com\/ladyfuxia.com\/wp-content\/uploads\/2021\/01\/lm2.png?w=328&amp;ssl=1 328w, https:\/\/i0.wp.com\/ladyfuxia.com\/wp-content\/uploads\/2021\/01\/lm2.png?resize=217%2C300&amp;ssl=1 217w\" sizes=\"(max-width: 174px) 100vw, 174px\" data-recalc-dims=\"1\" \/><\/figure><\/div>\n\n\n\n<p><\/p>\n\n\n\n<p><span class=\"has-inline-color has-vivid-green-cyan-color\"><\/span><\/p>\n\n\n\n<p><\/p>\n\n\n\n<p><\/p>\n\n\n\n<p><\/p>\n\n\n\n<p><\/p>\n\n\n\n<p><\/p>\n\n\n\n<p><\/p>\n\n\n\n<p><strong><em>Sinopsis:<\/em><\/strong><\/p>\n\n\n\n<p>Todo el mundo cree que Adriana es una ni\u00f1a rica y mimada que se dedica a disfrutar de la vida, de fiesta en fiesta, gracias al suculento fideicomiso que le dejaron sus abuelos.&nbsp;Y le parece perfecto, porque eso significa que est\u00e1 haciendo bien su trabajo.&nbsp;Lleva a\u00f1os siendo ciudadana del mundo, pero, de vez en cuando, regresa a Espa\u00f1a para ver a sus padres y su \u00edntimo c\u00edrculo de amigos al que denomina cari\u00f1osamente: La Mafia.&nbsp;Esa peque\u00f1a y entrometida familia que forman siempre ha sido su punto d\u00e9bil, y har\u00e1 cualquier cosa por esconderlo de sus enemigos detr\u00e1s de una \u00e1cida personalidad.<\/p>\n\n\n\n<p><meta charset=\"utf-8\"><strong>Desc\u00e1rgalo en el siguiente link:<\/strong> <em><a href=\"https:\/\/www.azonlinks.com\/107095909X\"><\/a><a rel=\"noreferrer noopener\" href=\"https:\/\/www.azonlinks.com\/107095909X\" target=\"_blank\"><span class=\"has-inline-color has-vivid-green-cyan-color\">https:\/\/www.azonlinks.com\/107095909X<\/span><\/a><\/em><\/p>\n ","protected":false},"excerpt":{"rendered":"<p>La Mafia que nos une (Mafia N\u00ba1) Sinopsis: \u00abDespu\u00e9s de cinco a\u00f1os trabajando como detective privado en Nueva York, Noa vuelve a casa para rehacer su vida tras resolver un traum\u00e1tico caso.\u00a0Y, aunque el regreso a Espa\u00f1a no ser\u00e1 f\u00e1cil ya que dej\u00f3 un par de asuntos pendientes con nombre propio, pronto se dar\u00e1 cuenta de que, en la sombra, alguien busca venganza. Casualmente, la \u00fanica persona que podr\u00e1 esconderla de una muerte segura es su mayor enemigo de la infancia \u2026 Pero aquel ni\u00f1o que hac\u00eda la vida imposible ha cambiado y la atracci\u00f3n que surgir\u00e1 entre ellos ser\u00e1 m\u00e1s peligroso que cualquier persecuci\u00f3n por parte de la Mafia.\u00bb Desc\u00e1rgalo en el siguiente link: https:\/\/www.azonlinks.com\/1708048111 El Poder de la Mafia (Mafia N\u00ba2) Sinopsis: Todo el mundo cree que Adriana es una ni\u00f1a rica y mimada que se dedica a disfrutar de la vida, de fiesta en fiesta, gracias al suculento fideicomiso que le dejaron sus abuelos.&nbsp;Y le parece perfecto, porque eso significa que est\u00e1 haciendo bien su trabajo.&nbsp;Lleva a\u00f1os siendo ciudadana del mundo, pero, de vez en cuando, regresa a Espa\u00f1a para ver a sus padres y su \u00edntimo c\u00edrculo de amigos al que denomina cari\u00f1osamente: La Mafia.&nbsp;Esa peque\u00f1a y entrometida familia que forman siempre ha sido su punto d\u00e9bil, y har\u00e1 cualquier cosa por esconderlo de sus enemigos detr\u00e1s de una \u00e1cida personalidad. Desc\u00e1rgalo en el siguiente link: https:\/\/www.azonlinks.com\/107095909X<\/p>\n","protected":false},"author":1,"featured_media":0,"parent":0,"menu_order":0,"comment_status":"closed","ping_status":"closed","template":"","meta":{"footnotes":""},"jetpack_sharing_enabled":true,"jetpack-related-posts":[{"id":29,"url":"https:\/\/ladyfuxia.com\/index.php\/orden-de-mis-libros\/","url_meta":{"origin":80,"position":0},"title":"Orden de mis libros","author":"Anny Peterson","date":"16 de enero de 2021","format":false,"excerpt":"Siempre recomiendo seguir el orden de publicaci\u00f3n, ya que en todos mis libros hay gui\u00f1os o cameos de los anteriores, aunque sin gran relevancia para la historia principal, simplemente se disfrutan m\u00e1s al relacionar los gui\u00f1os.\u00a0Pero es importante saber\u00a0que hay dos universos claros:\u00a01) La bilog\u00eda Droga + La bilog\u00eda Mafia\u00a02)\u2026","rel":"","context":"Entrada similar","block_context":{"text":"Entrada similar","link":""},"img":{"alt_text":"","src":"https:\/\/i0.wp.com\/ladyfuxia.com\/wp-content\/uploads\/2021\/12\/unnamed2-scaled.jpeg?resize=350%2C200&ssl=1","width":350,"height":200,"srcset":"https:\/\/i0.wp.com\/ladyfuxia.com\/wp-content\/uploads\/2021\/12\/unnamed2-scaled.jpeg?resize=350%2C200&ssl=1 1x, https:\/\/i0.wp.com\/ladyfuxia.com\/wp-content\/uploads\/2021\/12\/unnamed2-scaled.jpeg?resize=700%2C400&ssl=1 2x, https:\/\/i0.wp.com\/ladyfuxia.com\/wp-content\/uploads\/2021\/12\/unnamed2-scaled.jpeg?resize=1050%2C600&ssl=1 3x, https:\/\/i0.wp.com\/ladyfuxia.com\/wp-content\/uploads\/2021\/12\/unnamed2-scaled.jpeg?resize=1400%2C800&ssl=1 4x"},"classes":[]},{"id":22,"url":"https:\/\/ladyfuxia.com\/index.php\/mis-libros\/","url_meta":{"origin":80,"position":1},"title":"MIS LIBROS","author":"Anny Peterson","date":"16 de enero de 2021","format":false,"excerpt":"*Si quieres conseguir mis libros en papel, dedicados, con solapas y marcap\u00e1ginas a juego, puedes ve a la TIENDA y rellena el formulario. Tambi\u00e9n puedes disfrutar de ellos en DIGITAL AQU\u00cd, sea cu\u00e1l sea tu dispositivo electr\u00f3nico.\u00a0Ebook, m\u00f3vil \u2026 instalando la aplicaci\u00f3n gratuita de Kindle. \u00bfQUIERES SABER EL ORDEN RECOMENDADO\u2026","rel":"","context":"Entrada similar","block_context":{"text":"Entrada similar","link":""},"img":{"alt_text":"","src":"https:\/\/i0.wp.com\/ladyfuxia.com\/wp-content\/uploads\/2021\/11\/MISLIBROS.png?resize=350%2C200&ssl=1","width":350,"height":200,"srcset":"https:\/\/i0.wp.com\/ladyfuxia.com\/wp-content\/uploads\/2021\/11\/MISLIBROS.png?resize=350%2C200&ssl=1 1x, https:\/\/i0.wp.com\/ladyfuxia.com\/wp-content\/uploads\/2021\/11\/MISLIBROS.png?resize=700%2C400&ssl=1 2x"},"classes":[]},{"id":70,"url":"https:\/\/ladyfuxia.com\/index.php\/bilogia-la-droga-mas-dura\/","url_meta":{"origin":80,"position":2},"title":"Bilog\u00eda La Droga + dura","author":"Anny Peterson","date":"18 de enero de 2021","format":false,"excerpt":"La Droga + dura I: Atr\u00e9vete a probarla\u00a0 Sinopsis: \"Si vas contra reloj para descubrir al culpable de una violaci\u00f3n mediante\u00a0\u00a0drogas amn\u00e9sicas\u00a0\u00a0en una agencia de modelos, aseg\u00farate de no formar un equipo infiltrado con: -Dos personas perfectamente compatibles y atractivas que se odian a muerte y nadie sepa por qu\u00e9.\u2026","rel":"","context":"Entrada similar","block_context":{"text":"Entrada similar","link":""},"img":{"alt_text":"","src":"","width":0,"height":0},"classes":[]},{"id":401,"url":"https:\/\/ladyfuxia.com\/index.php\/novedades\/","url_meta":{"origin":80,"position":3},"title":"Novedades","author":"Anny Peterson","date":"19 de noviembre de 2021","format":false,"excerpt":"Pr\u00f3logo Jaque al duque \"La jugada est\u00e1 ah\u00ed, pero necesitas verla\"Savielly Tartakower Viernes 6 de marzo \u2014\u00a1No dispare! \u2014grita el hombre al que estoy apuntando. Y no me extra\u00f1a. Seguro que ha captado que ganas no me faltan. Ha tenido a medio pa\u00eds en vilo durante las \u00faltimas cuarenta y\u2026","rel":"","context":"Entrada similar","block_context":{"text":"Entrada similar","link":""},"img":{"alt_text":"","src":"https:\/\/i0.wp.com\/ladyfuxia.com\/wp-content\/uploads\/2023\/04\/re-1.png?resize=350%2C200&ssl=1","width":350,"height":200,"srcset":"https:\/\/i0.wp.com\/ladyfuxia.com\/wp-content\/uploads\/2023\/04\/re-1.png?resize=350%2C200&ssl=1 1x, https:\/\/i0.wp.com\/ladyfuxia.com\/wp-content\/uploads\/2023\/04\/re-1.png?resize=700%2C400&ssl=1 2x, https:\/\/i0.wp.com\/ladyfuxia.com\/wp-content\/uploads\/2023\/04\/re-1.png?resize=1050%2C600&ssl=1 3x, https:\/\/i0.wp.com\/ladyfuxia.com\/wp-content\/uploads\/2023\/04\/re-1.png?resize=1400%2C800&ssl=1 4x"},"classes":[]},{"id":1043,"url":"https:\/\/ladyfuxia.com\/index.php\/capitulo-1-vas-a-ser-suya\/","url_meta":{"origin":80,"position":4},"title":"Cap\u00edtulo 1 \u00abVas a ser Suya\u00bb","author":"Anny Peterson","date":"15 de mayo de 2024","format":false,"excerpt":"1viaje al centro de la tierra\u00a0\u00a0 \u201cMi coraz\u00f3n es el \u00fanico que late en este mundo despoblado\u201dJulio Verne \u00a0 \u00a0 Hola, me llamo Carlota, pero deber\u00edan llamarme Murphy porque ese patr\u00f3n de pesimismo universal que reza que \u00absi algo puede salir mal, saldr\u00e1 mal\u00bb, me representa totalmente. Haga lo que\u2026","rel":"","context":"Entrada similar","block_context":{"text":"Entrada similar","link":""},"img":{"alt_text":"","src":"https:\/\/i0.wp.com\/ladyfuxia.com\/wp-content\/uploads\/2024\/05\/webnewmorgan-1140x382.png?resize=350%2C200","width":350,"height":200,"srcset":"https:\/\/i0.wp.com\/ladyfuxia.com\/wp-content\/uploads\/2024\/05\/webnewmorgan-1140x382.png?resize=350%2C200 1x, https:\/\/i0.wp.com\/ladyfuxia.com\/wp-content\/uploads\/2024\/05\/webnewmorgan-1140x382.png?resize=700%2C400 2x"},"classes":[]}],"_links":{"self":[{"href":"https:\/\/ladyfuxia.com\/index.php\/wp-json\/wp\/v2\/pages\/80"}],"collection":[{"href":"https:\/\/ladyfuxia.com\/index.php\/wp-json\/wp\/v2\/pages"}],"about":[{"href":"https:\/\/ladyfuxia.com\/index.php\/wp-json\/wp\/v2\/types\/page"}],"author":[{"embeddable":true,"href":"https:\/\/ladyfuxia.com\/index.php\/wp-json\/wp\/v2\/users\/1"}],"replies":[{"embeddable":true,"href":"https:\/\/ladyfuxia.com\/index.php\/wp-json\/wp\/v2\/comments?post=80"}],"version-history":[{"count":9,"href":"https:\/\/ladyfuxia.com\/index.php\/wp-json\/wp\/v2\/pages\/80\/revisions"}],"predecessor-version":[{"id":470,"href":"https:\/\/ladyfuxia.com\/index.php\/wp-json\/wp\/v2\/pages\/80\/revisions\/470"}],"wp:attachment":[{"href":"https:\/\/ladyfuxia.com\/index.php\/wp-json\/wp\/v2\/media?parent=80"}],"curies":[{"name":"wp","href":"https:\/\/api.w.org\/{rel}","templated":true}]}}