{"id":85,"date":"2021-01-18T14:36:46","date_gmt":"2021-01-18T14:36:46","guid":{"rendered":"http:\/\/ladyfuxia.com\/?page_id=85"},"modified":"2021-12-07T11:55:05","modified_gmt":"2021-12-07T11:55:05","slug":"bilogia-en-el-fondo","status":"publish","type":"page","link":"https:\/\/ladyfuxia.com\/index.php\/bilogia-en-el-fondo\/","title":{"rendered":"Bilog\u00eda En el fondo"},"content":{"rendered":"\n<p><meta charset=\"utf-8\"><strong>En el fondo, me tienes<\/strong><\/p>\n\n\n\n<div class=\"wp-block-image\"><figure class=\"alignleft size-large is-resized\"><img loading=\"lazy\" decoding=\"async\" src=\"https:\/\/i0.wp.com\/ladyfuxia.com\/wp-content\/uploads\/2021\/01\/eefmt-1.png?resize=178%2C245&#038;ssl=1\" alt=\"\" class=\"wp-image-130\" width=\"178\" height=\"245\" srcset=\"https:\/\/i0.wp.com\/ladyfuxia.com\/wp-content\/uploads\/2021\/01\/eefmt-1.png?w=328&amp;ssl=1 328w, https:\/\/i0.wp.com\/ladyfuxia.com\/wp-content\/uploads\/2021\/01\/eefmt-1.png?resize=217%2C300&amp;ssl=1 217w\" sizes=\"(max-width: 178px) 100vw, 178px\" data-recalc-dims=\"1\" \/><\/figure><\/div>\n\n\n\n<p><\/p>\n\n\n\n<p><strong><em>Sinopsis:<\/em><\/strong><\/p>\n\n\n\n<p>\u201cMe llamo Emma y mi vida es un completo desastre. <meta charset=\"utf-8\">Trabajo como esclava en un bufete de abogados y me sobran 10Kg. Vale, seg\u00fan mi madre son 15 y otros 5 de mala leche.<\/p>\n\n\n\n<p><meta charset=\"utf-8\">De amor, mejor ni hablamos&#8230; <meta charset=\"utf-8\">\u00bfLo \u00fanico bueno de mi vida? Mi gato Pepo, mis libro y mi mejor amigo, un conocido gur\u00fa de la moda.<\/p>\n\n\n\n<p>Esta era yo, hasta que fui testigo de un accidente que me hizo dejarlo todo y volar hasta el fin del mundo para buscar respuestas. Lo que no sab\u00eda es que estar\u00edan escondidas en las profundidades.<\/p>\n\n\n\n<p>\u00bfPuede el mar devolverte lo que un d\u00eda perdiste?<\/p>\n\n\n\n<p>Dicen que bajo el agua siguen sumergidos los mayores tesoros del mundo, pero yo descubr\u00ed que no se trta de objetos, sino de amores imposibles y amistades que te cambian la vida para siempre.\u00bb<\/p>\n\n\n\n<p><meta charset=\"utf-8\"><span style=\"text-decoration: underline;\"><strong>Desc\u00e1rgalo en el siguiente link:<\/strong> <\/span> <a href=\"https:\/\/www.azonlinks.com\/B07T1325TY\"><span class=\"has-inline-color has-vivid-cyan-blue-color\">https:\/\/www.azonlinks.com\/B07T1325TY<\/span><\/a><\/p>\n\n\n\n<p>&#8212;<\/p>\n\n\n\n<p><meta charset=\"utf-8\"><strong>En el fondo, me quieres<\/strong>\u00a0<\/p>\n\n\n\n<div class=\"wp-block-image\"><figure class=\"alignleft size-large is-resized\"><img loading=\"lazy\" decoding=\"async\" src=\"https:\/\/i0.wp.com\/ladyfuxia.com\/wp-content\/uploads\/2021\/01\/eefmq-1.png?resize=167%2C231&#038;ssl=1\" alt=\"\" class=\"wp-image-131\" width=\"167\" height=\"231\" srcset=\"https:\/\/i0.wp.com\/ladyfuxia.com\/wp-content\/uploads\/2021\/01\/eefmq-1.png?w=328&amp;ssl=1 328w, https:\/\/i0.wp.com\/ladyfuxia.com\/wp-content\/uploads\/2021\/01\/eefmq-1.png?resize=217%2C300&amp;ssl=1 217w\" sizes=\"(max-width: 167px) 100vw, 167px\" data-recalc-dims=\"1\" \/><\/figure><\/div>\n\n\n\n<p><strong><em>Sinopsis:<\/em><\/strong><\/p>\n\n\n\n<p>\u00abMe llamo Guille y salvo almas, almas perdidas. <meta charset=\"utf-8\">Trabajo como estilista y me apasiona la moda. <meta charset=\"utf-8\">Vale, seg\u00fan la gente, soy un fan\u00e1tico que vender\u00eda a su madre por una edici\u00f3n limitada de Vogue.<\/p>\n\n\n\n<p>Para qu\u00e9 hablar de amor, \u00a1con lo que me gusta el sexo! \u00bfLo mejor de mi vida? Hacer tratos, la ropa y mi mejor amiga, una abogada a la que le pesa m\u00e1s la tonter\u00eda que el culo.<\/p>\n\n\n\n<p>Este era yo, hasta que tuve que fingir ser el prometido de una chica en coma \u2026<\/p>\n\n\n\n<p>\u00bfPuede alguien robarte el coraz\u00f3n sin saber ni que existes?<\/p>\n\n\n\n<p>Dicen que el amor es ciego, que no obedece a razones y que llega cuando menos te lo esperas, pero yo descubr\u00ed que tambi\u00e9n es sordo, porque no escuchamos, aunque nos avisen cien veces: y mudo, porque nos callamos cosas que podr\u00edan cambiar el rumbo de nuestra vida para siempre.\u00bb<\/p>\n\n\n\n<p><meta charset=\"utf-8\"><strong>Desc\u00e1rgalo en el siguiente link:<\/strong> <a href=\"https:\/\/www.azonlinks.com\/B07YHQRKKP\"><\/a><a rel=\"noreferrer noopener\" href=\"https:\/\/www.azonlinks.com\/B07YHQRKKP\" target=\"_blank\"><span class=\"has-inline-color has-vivid-purple-color\">https:\/\/www.azonlinks.com\/B07YHQRKKP<\/span><\/a><\/p>\n\n\n\n<p><\/p>\n ","protected":false},"excerpt":{"rendered":"<p>En el fondo, me tienes Sinopsis: \u201cMe llamo Emma y mi vida es un completo desastre. Trabajo como esclava en un bufete de abogados y me sobran 10Kg. Vale, seg\u00fan mi madre son 15 y otros 5 de mala leche. De amor, mejor ni hablamos&#8230; \u00bfLo \u00fanico bueno de mi vida? Mi gato Pepo, mis libro y mi mejor amigo, un conocido gur\u00fa de la moda. Esta era yo, hasta que fui testigo de un accidente que me hizo dejarlo todo y volar hasta el fin del mundo para buscar respuestas. Lo que no sab\u00eda es que estar\u00edan escondidas en las profundidades. \u00bfPuede el mar devolverte lo que un d\u00eda perdiste? Dicen que bajo el agua siguen sumergidos los mayores tesoros del mundo, pero yo descubr\u00ed que no se trta de objetos, sino de amores imposibles y amistades que te cambian la vida para siempre.\u00bb Desc\u00e1rgalo en el siguiente link: https:\/\/www.azonlinks.com\/B07T1325TY &#8212; En el fondo, me quieres\u00a0 Sinopsis: \u00abMe llamo Guille y salvo almas, almas perdidas. Trabajo como estilista y me apasiona la moda. Vale, seg\u00fan la gente, soy un fan\u00e1tico que vender\u00eda a su madre por una edici\u00f3n limitada de Vogue. Para qu\u00e9 hablar de amor, \u00a1con lo que me gusta el sexo! \u00bfLo mejor de mi vida? Hacer tratos, la ropa y mi mejor amiga, una abogada a la que le pesa m\u00e1s la tonter\u00eda que el culo. Este era yo, hasta que tuve que fingir ser el prometido de una chica en coma \u2026 \u00bfPuede alguien robarte el coraz\u00f3n sin saber ni que existes? Dicen que el amor es ciego, que no obedece a razones y que llega cuando menos te lo esperas, pero yo descubr\u00ed que tambi\u00e9n es sordo, porque no escuchamos, aunque nos avisen cien veces: y mudo, porque nos callamos cosas que podr\u00edan cambiar el rumbo de nuestra vida para siempre.\u00bb Desc\u00e1rgalo en el siguiente link: https:\/\/www.azonlinks.com\/B07YHQRKKP<\/p>\n","protected":false},"author":1,"featured_media":0,"parent":0,"menu_order":0,"comment_status":"closed","ping_status":"closed","template":"","meta":{"footnotes":""},"jetpack_sharing_enabled":true,"jetpack-related-posts":[{"id":29,"url":"https:\/\/ladyfuxia.com\/index.php\/orden-de-mis-libros\/","url_meta":{"origin":85,"position":0},"title":"Orden de mis libros","author":"Anny Peterson","date":"16 de enero de 2021","format":false,"excerpt":"Siempre recomiendo seguir el orden de publicaci\u00f3n, ya que en todos mis libros hay gui\u00f1os o cameos de los anteriores, aunque sin gran relevancia para la historia principal, simplemente se disfrutan m\u00e1s al relacionar los gui\u00f1os.\u00a0Pero es importante saber\u00a0que hay dos universos claros:\u00a01) La bilog\u00eda Droga + La bilog\u00eda Mafia\u00a02)\u2026","rel":"","context":"Entrada similar","block_context":{"text":"Entrada similar","link":""},"img":{"alt_text":"","src":"https:\/\/i0.wp.com\/ladyfuxia.com\/wp-content\/uploads\/2021\/12\/unnamed2-scaled.jpeg?resize=350%2C200&ssl=1","width":350,"height":200,"srcset":"https:\/\/i0.wp.com\/ladyfuxia.com\/wp-content\/uploads\/2021\/12\/unnamed2-scaled.jpeg?resize=350%2C200&ssl=1 1x, https:\/\/i0.wp.com\/ladyfuxia.com\/wp-content\/uploads\/2021\/12\/unnamed2-scaled.jpeg?resize=700%2C400&ssl=1 2x, https:\/\/i0.wp.com\/ladyfuxia.com\/wp-content\/uploads\/2021\/12\/unnamed2-scaled.jpeg?resize=1050%2C600&ssl=1 3x, https:\/\/i0.wp.com\/ladyfuxia.com\/wp-content\/uploads\/2021\/12\/unnamed2-scaled.jpeg?resize=1400%2C800&ssl=1 4x"},"classes":[]},{"id":599,"url":"https:\/\/ladyfuxia.com\/index.php\/morgan-history\/","url_meta":{"origin":85,"position":1},"title":"Morgan History","author":"Anny Peterson","date":"9 de septiembre de 2022","format":false,"excerpt":"\u00bfVienes a refrescar la bilog\u00eda En el fondo y Vas a ser? \u00a1Perfecto!\u00bfVienes porque quieres leer VAS A SER SUYA y quieres un resumen de lo que ocurri\u00f3 en los libros de sus padres? \u00a1Genial! https:\/\/youtu.be\/6vzuluGOrXY \u00a0VAS A SER M\u00cdA:Esta novela comienza de forma muy especial... A Luz Morgan, una\u2026","rel":"","context":"Entrada similar","block_context":{"text":"Entrada similar","link":""},"img":{"alt_text":"","src":"https:\/\/i0.wp.com\/ladyfuxia.com\/wp-content\/uploads\/2022\/09\/todos9.png?resize=350%2C200","width":350,"height":200},"classes":[]},{"id":22,"url":"https:\/\/ladyfuxia.com\/index.php\/mis-libros\/","url_meta":{"origin":85,"position":2},"title":"MIS LIBROS","author":"Anny Peterson","date":"16 de enero de 2021","format":false,"excerpt":"*Si quieres conseguir mis libros en papel, dedicados, con solapas y marcap\u00e1ginas a juego, puedes ve a la TIENDA y rellena el formulario. Tambi\u00e9n puedes disfrutar de ellos en DIGITAL AQU\u00cd, sea cu\u00e1l sea tu dispositivo electr\u00f3nico.\u00a0Ebook, m\u00f3vil \u2026 instalando la aplicaci\u00f3n gratuita de Kindle. \u00bfQUIERES SABER EL ORDEN RECOMENDADO\u2026","rel":"","context":"Entrada similar","block_context":{"text":"Entrada similar","link":""},"img":{"alt_text":"","src":"https:\/\/i0.wp.com\/ladyfuxia.com\/wp-content\/uploads\/2021\/11\/MISLIBROS.png?resize=350%2C200&ssl=1","width":350,"height":200,"srcset":"https:\/\/i0.wp.com\/ladyfuxia.com\/wp-content\/uploads\/2021\/11\/MISLIBROS.png?resize=350%2C200&ssl=1 1x, https:\/\/i0.wp.com\/ladyfuxia.com\/wp-content\/uploads\/2021\/11\/MISLIBROS.png?resize=700%2C400&ssl=1 2x"},"classes":[]},{"id":1043,"url":"https:\/\/ladyfuxia.com\/index.php\/capitulo-1-vas-a-ser-suya\/","url_meta":{"origin":85,"position":3},"title":"Cap\u00edtulo 1 \u00abVas a ser Suya\u00bb","author":"Anny Peterson","date":"15 de mayo de 2024","format":false,"excerpt":"1viaje al centro de la tierra\u00a0\u00a0 \u201cMi coraz\u00f3n es el \u00fanico que late en este mundo despoblado\u201dJulio Verne \u00a0 \u00a0 Hola, me llamo Carlota, pero deber\u00edan llamarme Murphy porque ese patr\u00f3n de pesimismo universal que reza que \u00absi algo puede salir mal, saldr\u00e1 mal\u00bb, me representa totalmente. Haga lo que\u2026","rel":"","context":"Entrada similar","block_context":{"text":"Entrada similar","link":""},"img":{"alt_text":"","src":"https:\/\/i0.wp.com\/ladyfuxia.com\/wp-content\/uploads\/2024\/05\/webnewmorgan-1140x382.png?resize=350%2C200","width":350,"height":200,"srcset":"https:\/\/i0.wp.com\/ladyfuxia.com\/wp-content\/uploads\/2024\/05\/webnewmorgan-1140x382.png?resize=350%2C200 1x, https:\/\/i0.wp.com\/ladyfuxia.com\/wp-content\/uploads\/2024\/05\/webnewmorgan-1140x382.png?resize=700%2C400 2x"},"classes":[]},{"id":80,"url":"https:\/\/ladyfuxia.com\/index.php\/bilogia-la-mafia\/","url_meta":{"origin":85,"position":4},"title":"Bilog\u00eda La Mafia","author":"Anny Peterson","date":"18 de enero de 2021","format":false,"excerpt":"La Mafia que nos une (Mafia N\u00ba1) Sinopsis: \"Despu\u00e9s de cinco a\u00f1os trabajando como detective privado en Nueva York, Noa vuelve a casa para rehacer su vida tras resolver un traum\u00e1tico caso.\u00a0Y, aunque el regreso a Espa\u00f1a no ser\u00e1 f\u00e1cil ya que dej\u00f3 un par de asuntos pendientes con nombre\u2026","rel":"","context":"Entrada similar","block_context":{"text":"Entrada similar","link":""},"img":{"alt_text":"","src":"","width":0,"height":0},"classes":[]},{"id":70,"url":"https:\/\/ladyfuxia.com\/index.php\/bilogia-la-droga-mas-dura\/","url_meta":{"origin":85,"position":5},"title":"Bilog\u00eda La Droga + dura","author":"Anny Peterson","date":"18 de enero de 2021","format":false,"excerpt":"La Droga + dura I: Atr\u00e9vete a probarla\u00a0 Sinopsis: \"Si vas contra reloj para descubrir al culpable de una violaci\u00f3n mediante\u00a0\u00a0drogas amn\u00e9sicas\u00a0\u00a0en una agencia de modelos, aseg\u00farate de no formar un equipo infiltrado con: -Dos personas perfectamente compatibles y atractivas que se odian a muerte y nadie sepa por qu\u00e9.\u2026","rel":"","context":"Entrada similar","block_context":{"text":"Entrada similar","link":""},"img":{"alt_text":"","src":"","width":0,"height":0},"classes":[]}],"_links":{"self":[{"href":"https:\/\/ladyfuxia.com\/index.php\/wp-json\/wp\/v2\/pages\/85"}],"collection":[{"href":"https:\/\/ladyfuxia.com\/index.php\/wp-json\/wp\/v2\/pages"}],"about":[{"href":"https:\/\/ladyfuxia.com\/index.php\/wp-json\/wp\/v2\/types\/page"}],"author":[{"embeddable":true,"href":"https:\/\/ladyfuxia.com\/index.php\/wp-json\/wp\/v2\/users\/1"}],"replies":[{"embeddable":true,"href":"https:\/\/ladyfuxia.com\/index.php\/wp-json\/wp\/v2\/comments?post=85"}],"version-history":[{"count":13,"href":"https:\/\/ladyfuxia.com\/index.php\/wp-json\/wp\/v2\/pages\/85\/revisions"}],"predecessor-version":[{"id":475,"href":"https:\/\/ladyfuxia.com\/index.php\/wp-json\/wp\/v2\/pages\/85\/revisions\/475"}],"wp:attachment":[{"href":"https:\/\/ladyfuxia.com\/index.php\/wp-json\/wp\/v2\/media?parent=85"}],"curies":[{"name":"wp","href":"https:\/\/api.w.org\/{rel}","templated":true}]}}