{"id":90,"date":"2021-01-18T14:41:34","date_gmt":"2021-01-18T14:41:34","guid":{"rendered":"http:\/\/ladyfuxia.com\/?page_id=90"},"modified":"2021-12-07T12:06:37","modified_gmt":"2021-12-07T12:06:37","slug":"bilogia-vas-a-ser-mi","status":"publish","type":"page","link":"https:\/\/ladyfuxia.com\/index.php\/bilogia-vas-a-ser-mi\/","title":{"rendered":"Bilog\u00eda Vas a ser M\u00ed@"},"content":{"rendered":"\n<p><meta charset=\"utf-8\"><strong> Vas a ser M\u00eda<\/strong> (N\u00ba1)<\/p>\n\n\n\n<p><\/p>\n\n\n\n<div class=\"wp-block-image\"><figure class=\"alignleft size-large is-resized\"><img loading=\"lazy\" decoding=\"async\" src=\"https:\/\/i0.wp.com\/ladyfuxia.com\/wp-content\/uploads\/2021\/01\/vasmia-1.png?resize=182%2C251&#038;ssl=1\" alt=\"\" class=\"wp-image-122\" width=\"182\" height=\"251\" srcset=\"https:\/\/i0.wp.com\/ladyfuxia.com\/wp-content\/uploads\/2021\/01\/vasmia-1.png?w=328&amp;ssl=1 328w, https:\/\/i0.wp.com\/ladyfuxia.com\/wp-content\/uploads\/2021\/01\/vasmia-1.png?resize=217%2C300&amp;ssl=1 217w\" sizes=\"(max-width: 182px) 100vw, 182px\" data-recalc-dims=\"1\" \/><\/figure><\/div>\n\n\n\n<p><strong><em>Sinopsis:<\/em><\/strong><\/p>\n\n\n\n<p>\u201cHan matado a mi amiga Lara y pienso averiguar qui\u00e9n ha sido.<\/p>\n\n\n\n<p>Necesito respuestas y s\u00e9 que Kai Morgan las tiene, pero a ver qui\u00e9n es la guapa que se las pide.<\/p>\n\n\n\n<p>Dicen que es traficante\u2026 Y probablemente lo sea. <meta charset=\"utf-8\">Y un proxeneta\u2026 Toda la pinta. <meta charset=\"utf-8\">Que haya estado en prisi\u00f3n tampoco ayuda a tranquilizarme, <meta charset=\"utf-8\">pero har\u00e9 lo que haga falta para entrar a trabajar en su Club de pijos pervertidos y dar con el culpable.<\/p>\n\n\n\n<p>Ojal\u00e1 alguien me hubiera advertido de que dejar\u00eda de ser M\u00eda y empezar\u00eda a ser Suya \u201d<\/p>\n\n\n\n<p><meta charset=\"utf-8\"><span class=\"has-inline-color has-black-color\"><strong>Desc\u00e1rgala en el siguiente link:<\/strong><\/span><em><span class=\"has-inline-color has-pale-pink-color\"> <\/span><a href=\"https:\/\/www.azonlinks.com\/B087YZ1CXD\"><span style=\"color:#f50f91\" class=\"has-inline-color\">https:\/\/www.azonlinks.com\/B087YZ1CXD<\/span><\/a><\/em><\/p>\n\n\n\n<p><\/p>\n\n\n\n<p><meta charset=\"utf-8\"><strong>Vas a ser M\u00edo<\/strong> (N\u00ba2)<\/p>\n\n\n\n<div class=\"wp-block-image\"><figure class=\"alignleft size-large is-resized\"><img loading=\"lazy\" decoding=\"async\" src=\"https:\/\/i0.wp.com\/ladyfuxia.com\/wp-content\/uploads\/2021\/01\/vasmio.png?resize=182%2C252&#038;ssl=1\" alt=\"\" class=\"wp-image-92\" width=\"182\" height=\"252\" srcset=\"https:\/\/i0.wp.com\/ladyfuxia.com\/wp-content\/uploads\/2021\/01\/vasmio.png?w=328&amp;ssl=1 328w, https:\/\/i0.wp.com\/ladyfuxia.com\/wp-content\/uploads\/2021\/01\/vasmio.png?resize=217%2C300&amp;ssl=1 217w\" sizes=\"(max-width: 182px) 100vw, 182px\" data-recalc-dims=\"1\" \/><\/figure><\/div>\n\n\n\n<p><\/p>\n\n\n\n<p><strong><em>Sinopsis:<\/em><\/strong><\/p>\n\n\n\n<p>\u00abHan pasado tres meses y pienso averiguar qu\u00e9 ha pasado.<\/p>\n\n\n\n<p>Necesito respuestas, y s\u00e9 que Kai las ignora, pero a ver qui\u00e9n es la guapa que se las oculta.<\/p>\n\n\n\n<p>Dicen que Ani est\u00e1 pose\u00edda \u2026 Y probablemente lo est\u00e9. <meta charset=\"utf-8\">Y que Mei se ha enamorado\u2026 Toda la pinta. Que Luk y Mak no se hablen tampoco ayuda, pero har\u00e9 lo que haga falta para reunirlos a todos de nuevo y resolver la misi\u00f3n.<\/p>\n\n\n\n<p>Ojal\u00e1 les hubiera advertido que no se desaf\u00eda a un Morgan, y menos, al M\u00edo, porque, antes de que te des cuenta, ya eres suyo.\u00a0<\/p>\n\n\n\n<p><\/p>\n\n\n\n<p><meta charset=\"utf-8\"><strong>Desc\u00e1rgala en el siguiente link:<\/strong> <em><a href=\"https:\/\/www.azonlinks.com\/B08DL69ZPY\"><span class=\"has-inline-color has-vivid-green-cyan-color\">https:\/\/www.azonlinks.com\/B08DL69ZPY<\/span><\/a><\/em><\/p>\n\n\n\n<p><span style=\"color:#f10492\" class=\"has-inline-color\"><strong>*Si quieres e<\/strong><\/span><strong><span style=\"color:#f10492\" class=\"has-inline-color\">sta bilog\u00eda en papel<\/span>, ve al carrito.<\/strong><\/p>\n ","protected":false},"excerpt":{"rendered":"<p>Vas a ser M\u00eda (N\u00ba1) Sinopsis: \u201cHan matado a mi amiga Lara y pienso averiguar qui\u00e9n ha sido. Necesito respuestas y s\u00e9 que Kai Morgan las tiene, pero a ver qui\u00e9n es la guapa que se las pide. Dicen que es traficante\u2026 Y probablemente lo sea. Y un proxeneta\u2026 Toda la pinta. Que haya estado en prisi\u00f3n tampoco ayuda a tranquilizarme, pero har\u00e9 lo que haga falta para entrar a trabajar en su Club de pijos pervertidos y dar con el culpable. Ojal\u00e1 alguien me hubiera advertido de que dejar\u00eda de ser M\u00eda y empezar\u00eda a ser Suya \u201d Desc\u00e1rgala en el siguiente link: https:\/\/www.azonlinks.com\/B087YZ1CXD Vas a ser M\u00edo (N\u00ba2) Sinopsis: \u00abHan pasado tres meses y pienso averiguar qu\u00e9 ha pasado. Necesito respuestas, y s\u00e9 que Kai las ignora, pero a ver qui\u00e9n es la guapa que se las oculta. Dicen que Ani est\u00e1 pose\u00edda \u2026 Y probablemente lo est\u00e9. Y que Mei se ha enamorado\u2026 Toda la pinta. Que Luk y Mak no se hablen tampoco ayuda, pero har\u00e9 lo que haga falta para reunirlos a todos de nuevo y resolver la misi\u00f3n. Ojal\u00e1 les hubiera advertido que no se desaf\u00eda a un Morgan, y menos, al M\u00edo, porque, antes de que te des cuenta, ya eres suyo.\u00a0 Desc\u00e1rgala en el siguiente link: https:\/\/www.azonlinks.com\/B08DL69ZPY *Si quieres esta bilog\u00eda en papel, ve al carrito.<\/p>\n","protected":false},"author":1,"featured_media":0,"parent":0,"menu_order":0,"comment_status":"closed","ping_status":"closed","template":"","meta":{"footnotes":""},"jetpack_sharing_enabled":true,"jetpack-related-posts":[{"id":599,"url":"https:\/\/ladyfuxia.com\/index.php\/morgan-history\/","url_meta":{"origin":90,"position":0},"title":"Morgan History","author":"Anny Peterson","date":"9 de septiembre de 2022","format":false,"excerpt":"\u00bfVienes a refrescar la bilog\u00eda En el fondo y Vas a ser? \u00a1Perfecto!\u00bfVienes porque quieres leer VAS A SER SUYA y quieres un resumen de lo que ocurri\u00f3 en los libros de sus padres? \u00a1Genial! https:\/\/youtu.be\/6vzuluGOrXY \u00a0VAS A SER M\u00cdA:Esta novela comienza de forma muy especial... A Luz Morgan, una\u2026","rel":"","context":"Entrada similar","block_context":{"text":"Entrada similar","link":""},"img":{"alt_text":"","src":"https:\/\/i0.wp.com\/ladyfuxia.com\/wp-content\/uploads\/2022\/09\/todos9.png?resize=350%2C200","width":350,"height":200},"classes":[]},{"id":29,"url":"https:\/\/ladyfuxia.com\/index.php\/orden-de-mis-libros\/","url_meta":{"origin":90,"position":1},"title":"Orden de mis libros","author":"Anny Peterson","date":"16 de enero de 2021","format":false,"excerpt":"Siempre recomiendo seguir el orden de publicaci\u00f3n, ya que en todos mis libros hay gui\u00f1os o cameos de los anteriores, aunque sin gran relevancia para la historia principal, simplemente se disfrutan m\u00e1s al relacionar los gui\u00f1os.\u00a0Pero es importante saber\u00a0que hay dos universos claros:\u00a01) La bilog\u00eda Droga + La bilog\u00eda Mafia\u00a02)\u2026","rel":"","context":"Entrada similar","block_context":{"text":"Entrada similar","link":""},"img":{"alt_text":"","src":"https:\/\/i0.wp.com\/ladyfuxia.com\/wp-content\/uploads\/2021\/12\/unnamed2-scaled.jpeg?resize=350%2C200&ssl=1","width":350,"height":200,"srcset":"https:\/\/i0.wp.com\/ladyfuxia.com\/wp-content\/uploads\/2021\/12\/unnamed2-scaled.jpeg?resize=350%2C200&ssl=1 1x, https:\/\/i0.wp.com\/ladyfuxia.com\/wp-content\/uploads\/2021\/12\/unnamed2-scaled.jpeg?resize=700%2C400&ssl=1 2x, https:\/\/i0.wp.com\/ladyfuxia.com\/wp-content\/uploads\/2021\/12\/unnamed2-scaled.jpeg?resize=1050%2C600&ssl=1 3x, https:\/\/i0.wp.com\/ladyfuxia.com\/wp-content\/uploads\/2021\/12\/unnamed2-scaled.jpeg?resize=1400%2C800&ssl=1 4x"},"classes":[]},{"id":22,"url":"https:\/\/ladyfuxia.com\/index.php\/mis-libros\/","url_meta":{"origin":90,"position":2},"title":"MIS LIBROS","author":"Anny Peterson","date":"16 de enero de 2021","format":false,"excerpt":"*Si quieres conseguir mis libros en papel, dedicados, con solapas y marcap\u00e1ginas a juego, puedes ve a la TIENDA y rellena el formulario. Tambi\u00e9n puedes disfrutar de ellos en DIGITAL AQU\u00cd, sea cu\u00e1l sea tu dispositivo electr\u00f3nico.\u00a0Ebook, m\u00f3vil \u2026 instalando la aplicaci\u00f3n gratuita de Kindle. \u00bfQUIERES SABER EL ORDEN RECOMENDADO\u2026","rel":"","context":"Entrada similar","block_context":{"text":"Entrada similar","link":""},"img":{"alt_text":"","src":"https:\/\/i0.wp.com\/ladyfuxia.com\/wp-content\/uploads\/2021\/11\/MISLIBROS.png?resize=350%2C200&ssl=1","width":350,"height":200,"srcset":"https:\/\/i0.wp.com\/ladyfuxia.com\/wp-content\/uploads\/2021\/11\/MISLIBROS.png?resize=350%2C200&ssl=1 1x, https:\/\/i0.wp.com\/ladyfuxia.com\/wp-content\/uploads\/2021\/11\/MISLIBROS.png?resize=700%2C400&ssl=1 2x"},"classes":[]},{"id":515,"url":"https:\/\/ladyfuxia.com\/index.php\/voy-a-ser-tuyo\/","url_meta":{"origin":90,"position":3},"title":"Voy A Ser Tuyo","author":"Anny Peterson","date":"28 de diciembre de 2021","format":false,"excerpt":"Esta historia la voy a colgar en Wattpad de forma gratuita. Habr\u00e1 un cap\u00edtulo cada martes que espero comentarlo con vosotras y que disfrut\u00e9is al m\u00e1ximo. *Si quer\u00e9is que cada martes os llegue un email con el enlace directo al cap\u00edtulo en cuanto lo cuelgue, suscrib\u00edos en esta web. (La\u2026","rel":"","context":"Entrada similar","block_context":{"text":"Entrada similar","link":""},"img":{"alt_text":"","src":"https:\/\/i0.wp.com\/ladyfuxia.com\/wp-content\/uploads\/2021\/12\/MAKLUK3.png?resize=350%2C200&ssl=1","width":350,"height":200,"srcset":"https:\/\/i0.wp.com\/ladyfuxia.com\/wp-content\/uploads\/2021\/12\/MAKLUK3.png?resize=350%2C200&ssl=1 1x, https:\/\/i0.wp.com\/ladyfuxia.com\/wp-content\/uploads\/2021\/12\/MAKLUK3.png?resize=700%2C400&ssl=1 2x, https:\/\/i0.wp.com\/ladyfuxia.com\/wp-content\/uploads\/2021\/12\/MAKLUK3.png?resize=1050%2C600&ssl=1 3x, https:\/\/i0.wp.com\/ladyfuxia.com\/wp-content\/uploads\/2021\/12\/MAKLUK3.png?resize=1400%2C800&ssl=1 4x"},"classes":[]},{"id":1043,"url":"https:\/\/ladyfuxia.com\/index.php\/capitulo-1-vas-a-ser-suya\/","url_meta":{"origin":90,"position":4},"title":"Cap\u00edtulo 1 \u00abVas a ser Suya\u00bb","author":"Anny Peterson","date":"15 de mayo de 2024","format":false,"excerpt":"1viaje al centro de la tierra\u00a0\u00a0 \u201cMi coraz\u00f3n es el \u00fanico que late en este mundo despoblado\u201dJulio Verne \u00a0 \u00a0 Hola, me llamo Carlota, pero deber\u00edan llamarme Murphy porque ese patr\u00f3n de pesimismo universal que reza que \u00absi algo puede salir mal, saldr\u00e1 mal\u00bb, me representa totalmente. Haga lo que\u2026","rel":"","context":"Entrada similar","block_context":{"text":"Entrada similar","link":""},"img":{"alt_text":"","src":"https:\/\/i0.wp.com\/ladyfuxia.com\/wp-content\/uploads\/2024\/05\/webnewmorgan-1140x382.png?resize=350%2C200","width":350,"height":200,"srcset":"https:\/\/i0.wp.com\/ladyfuxia.com\/wp-content\/uploads\/2024\/05\/webnewmorgan-1140x382.png?resize=350%2C200 1x, https:\/\/i0.wp.com\/ladyfuxia.com\/wp-content\/uploads\/2024\/05\/webnewmorgan-1140x382.png?resize=700%2C400 2x"},"classes":[]},{"id":70,"url":"https:\/\/ladyfuxia.com\/index.php\/bilogia-la-droga-mas-dura\/","url_meta":{"origin":90,"position":5},"title":"Bilog\u00eda La Droga + dura","author":"Anny Peterson","date":"18 de enero de 2021","format":false,"excerpt":"La Droga + dura I: Atr\u00e9vete a probarla\u00a0 Sinopsis: \"Si vas contra reloj para descubrir al culpable de una violaci\u00f3n mediante\u00a0\u00a0drogas amn\u00e9sicas\u00a0\u00a0en una agencia de modelos, aseg\u00farate de no formar un equipo infiltrado con: -Dos personas perfectamente compatibles y atractivas que se odian a muerte y nadie sepa por qu\u00e9.\u2026","rel":"","context":"Entrada similar","block_context":{"text":"Entrada similar","link":""},"img":{"alt_text":"","src":"","width":0,"height":0},"classes":[]}],"_links":{"self":[{"href":"https:\/\/ladyfuxia.com\/index.php\/wp-json\/wp\/v2\/pages\/90"}],"collection":[{"href":"https:\/\/ladyfuxia.com\/index.php\/wp-json\/wp\/v2\/pages"}],"about":[{"href":"https:\/\/ladyfuxia.com\/index.php\/wp-json\/wp\/v2\/types\/page"}],"author":[{"embeddable":true,"href":"https:\/\/ladyfuxia.com\/index.php\/wp-json\/wp\/v2\/users\/1"}],"replies":[{"embeddable":true,"href":"https:\/\/ladyfuxia.com\/index.php\/wp-json\/wp\/v2\/comments?post=90"}],"version-history":[{"count":16,"href":"https:\/\/ladyfuxia.com\/index.php\/wp-json\/wp\/v2\/pages\/90\/revisions"}],"predecessor-version":[{"id":483,"href":"https:\/\/ladyfuxia.com\/index.php\/wp-json\/wp\/v2\/pages\/90\/revisions\/483"}],"wp:attachment":[{"href":"https:\/\/ladyfuxia.com\/index.php\/wp-json\/wp\/v2\/media?parent=90"}],"curies":[{"name":"wp","href":"https:\/\/api.w.org\/{rel}","templated":true}]}}