{"id":953,"date":"2024-02-04T09:25:38","date_gmt":"2024-02-04T09:25:38","guid":{"rendered":"https:\/\/ladyfuxia.com\/?page_id=953"},"modified":"2024-02-04T09:25:40","modified_gmt":"2024-02-04T09:25:40","slug":"tienda-4","status":"publish","type":"page","link":"https:\/\/ladyfuxia.com\/index.php\/tienda-4\/","title":{"rendered":"TIENDA"},"content":{"rendered":" ","protected":false},"excerpt":{"rendered":"","protected":false},"author":1,"featured_media":0,"parent":0,"menu_order":0,"comment_status":"closed","ping_status":"closed","template":"","meta":{"footnotes":""},"jetpack_sharing_enabled":true,"jetpack-related-posts":[{"id":234,"url":"https:\/\/ladyfuxia.com\/index.php\/tienda\/","url_meta":{"origin":953,"position":0},"title":"Tienda","author":"Anny Peterson","date":"5 de agosto de 2021","format":false,"excerpt":"","rel":"","context":"Entrada similar","block_context":{"text":"Entrada similar","link":""},"img":{"alt_text":"","src":"","width":0,"height":0},"classes":[]},{"id":1244,"url":"https:\/\/ladyfuxia.com\/index.php\/tienda-5\/","url_meta":{"origin":953,"position":1},"title":"TIENDA","author":"Anny Peterson","date":"5 de diciembre de 2024","format":false,"excerpt":"","rel":"","context":"Entrada similar","block_context":{"text":"Entrada similar","link":""},"img":{"alt_text":"","src":"","width":0,"height":0},"classes":[]},{"id":951,"url":"https:\/\/ladyfuxia.com\/index.php\/tienda-3\/","url_meta":{"origin":953,"position":2},"title":"TIENDA","author":"Anny Peterson","date":"4 de febrero de 2024","format":false,"excerpt":"","rel":"","context":"Entrada similar","block_context":{"text":"Entrada similar","link":""},"img":{"alt_text":"","src":"","width":0,"height":0},"classes":[]},{"id":458,"url":"https:\/\/ladyfuxia.com\/index.php\/tienda-fuxia\/","url_meta":{"origin":953,"position":3},"title":"Tienda Fuxia","author":"Anny Peterson","date":"7 de diciembre de 2021","format":false,"excerpt":"","rel":"","context":"Entrada similar","block_context":{"text":"Entrada similar","link":""},"img":{"alt_text":"","src":"","width":0,"height":0},"classes":[]},{"id":226,"url":"https:\/\/ladyfuxia.com\/index.php\/loco-sexi-millonetis\/","url_meta":{"origin":953,"position":4},"title":"Bilog\u00eda Locos, Sexis &#038;&#8230;","author":"Anny Peterson","date":"2 de agosto de 2021","format":false,"excerpt":"Loco, Sexi & Millonetis (N\u00ba1) Sinopsis: Con lo que me gusta a m\u00ed un millonario atormentado, gru\u00f1\u00f3n y elegante\u2026 \u00a1me ten\u00eda que tocar trabajar para uno vacil\u00f3n, loco y demasiado sexi\u2026!, es decir, lo que yo llamo, un \"millonetis\".Quien dijo que afortunado en el juego, desafortunado en amores\u2026 no conoc\u00eda\u2026","rel":"","context":"Entrada similar","block_context":{"text":"Entrada similar","link":""},"img":{"alt_text":"","src":"https:\/\/i0.wp.com\/ladyfuxia.com\/wp-content\/uploads\/2021\/08\/MILLONETIS.png?resize=350%2C200&ssl=1","width":350,"height":200,"srcset":"https:\/\/i0.wp.com\/ladyfuxia.com\/wp-content\/uploads\/2021\/08\/MILLONETIS.png?resize=350%2C200&ssl=1 1x, https:\/\/i0.wp.com\/ladyfuxia.com\/wp-content\/uploads\/2021\/08\/MILLONETIS.png?resize=700%2C400&ssl=1 2x"},"classes":[]},{"id":22,"url":"https:\/\/ladyfuxia.com\/index.php\/mis-libros\/","url_meta":{"origin":953,"position":5},"title":"MIS LIBROS","author":"Anny Peterson","date":"16 de enero de 2021","format":false,"excerpt":"*Si quieres conseguir mis libros en papel, dedicados, con solapas y marcap\u00e1ginas a juego, puedes ve a la TIENDA y rellena el formulario. Tambi\u00e9n puedes disfrutar de ellos en DIGITAL AQU\u00cd, sea cu\u00e1l sea tu dispositivo electr\u00f3nico.\u00a0Ebook, m\u00f3vil \u2026 instalando la aplicaci\u00f3n gratuita de Kindle. \u00bfQUIERES SABER EL ORDEN RECOMENDADO\u2026","rel":"","context":"Entrada similar","block_context":{"text":"Entrada similar","link":""},"img":{"alt_text":"","src":"https:\/\/i0.wp.com\/ladyfuxia.com\/wp-content\/uploads\/2021\/11\/MISLIBROS.png?resize=350%2C200&ssl=1","width":350,"height":200,"srcset":"https:\/\/i0.wp.com\/ladyfuxia.com\/wp-content\/uploads\/2021\/11\/MISLIBROS.png?resize=350%2C200&ssl=1 1x, https:\/\/i0.wp.com\/ladyfuxia.com\/wp-content\/uploads\/2021\/11\/MISLIBROS.png?resize=700%2C400&ssl=1 2x"},"classes":[]}],"_links":{"self":[{"href":"https:\/\/ladyfuxia.com\/index.php\/wp-json\/wp\/v2\/pages\/953"}],"collection":[{"href":"https:\/\/ladyfuxia.com\/index.php\/wp-json\/wp\/v2\/pages"}],"about":[{"href":"https:\/\/ladyfuxia.com\/index.php\/wp-json\/wp\/v2\/types\/page"}],"author":[{"embeddable":true,"href":"https:\/\/ladyfuxia.com\/index.php\/wp-json\/wp\/v2\/users\/1"}],"replies":[{"embeddable":true,"href":"https:\/\/ladyfuxia.com\/index.php\/wp-json\/wp\/v2\/comments?post=953"}],"version-history":[{"count":1,"href":"https:\/\/ladyfuxia.com\/index.php\/wp-json\/wp\/v2\/pages\/953\/revisions"}],"predecessor-version":[{"id":954,"href":"https:\/\/ladyfuxia.com\/index.php\/wp-json\/wp\/v2\/pages\/953\/revisions\/954"}],"wp:attachment":[{"href":"https:\/\/ladyfuxia.com\/index.php\/wp-json\/wp\/v2\/media?parent=953"}],"curies":[{"name":"wp","href":"https:\/\/api.w.org\/{rel}","templated":true}]}}